{"id":261,"date":"2015-11-10T06:00:33","date_gmt":"2015-11-10T06:00:33","guid":{"rendered":"http:\/\/demo.themeum.com\/wordpress\/newedge\/?page_id=261"},"modified":"2016-09-01T20:17:48","modified_gmt":"2016-09-01T20:17:48","slug":"contact","status":"publish","type":"page","link":"https:\/\/portalcatolico.net\/portal\/contact\/","title":{"rendered":"Contato"},"content":{"rendered":"<div class=\"wpb-content-wrapper\"><p>[vc_row][vc_column width=&#8221;5\/6&#8243;]<div class=\"themeum-title  \"><h3 class=\"style-title\" style=\"margin:0 0 20px 0;font-weight:700;font-size:22px;line-height: normal;\">Fale conosco<\/h3><\/div>[vc_column_text]<b>O internauta do Portal Cat\u00f3lico tem prioridade, uma vez que o site foi produzido para voc\u00ea.<\/b><\/p>\n<p><b>Envie textos, fotos, \u00e1udios, entrevistas, mat\u00e9ria jornal\u00edstica ou mat\u00e9ria importante de sua Par\u00f3quia para serem publicados no portal cat\u00f3lico. Caso venha a ser selecionado, o conte\u00fado que voc\u00ea enviou ser\u00e1 publicado com o respectivo cr\u00e9dito em nossas se\u00e7\u00f5es. Observa\u00e7\u00e3o: o material enviado seja original e de sua autoria.<\/b><\/p>\n<p><b>Preencha corretamente o formul\u00e1rio de envio em breve entraremos em contato com voc\u00ea notificando seu material.<\/b><\/p>\n<p><b>Contatos:<\/b><br \/>\n<b><u><i>Telefones:<\/i><\/u> (73)9 8822-6636\/9 9134-5782\/9 8174-0250<br \/>\n<i><u>E-mail:<\/u><\/i> <a href=\"mailto:comercial@portalcatolico.net\">contato@portalcatolico.net<\/a><\/b>[\/vc_column_text]<div role=\"form\" class=\"wpcf7\" id=\"wpcf7-f8-o1\" lang=\"pt-BR\" dir=\"ltr\">\n<div class=\"screen-reader-response\"><\/div>\n<form action=\"\/portal\/wp-json\/wp\/v2\/pages\/261#wpcf7-f8-o1\" method=\"post\" class=\"wpcf7-form\" novalidate=\"novalidate\">\n<div style=\"display: none;\">\n<input type=\"hidden\" name=\"_wpcf7\" value=\"8\" \/>\n<input type=\"hidden\" name=\"_wpcf7_version\" value=\"5.0.5\" \/>\n<input type=\"hidden\" name=\"_wpcf7_locale\" value=\"pt_BR\" \/>\n<input type=\"hidden\" name=\"_wpcf7_unit_tag\" value=\"wpcf7-f8-o1\" \/>\n<input type=\"hidden\" name=\"_wpcf7_container_post\" value=\"0\" \/>\n<\/div>\n<p>Seu nome (obrigat\u00f3rio)<br \/>\n    <span class=\"wpcf7-form-control-wrap your-name\"><input type=\"text\" name=\"your-name\" value=\"\" size=\"40\" class=\"wpcf7-form-control wpcf7-text wpcf7-validates-as-required\" aria-required=\"true\" aria-invalid=\"false\" \/><\/span> <\/p>\n<p>Seu e-mail (obrigat\u00f3rio)<br \/>\n    <span class=\"wpcf7-form-control-wrap your-email\"><input type=\"email\" name=\"your-email\" value=\"\" size=\"40\" class=\"wpcf7-form-control wpcf7-text wpcf7-email wpcf7-validates-as-required wpcf7-validates-as-email\" aria-required=\"true\" aria-invalid=\"false\" \/><\/span> <\/p>\n<p>Assunto<br \/>\n    <span class=\"wpcf7-form-control-wrap your-subject\"><input type=\"text\" name=\"your-subject\" value=\"\" size=\"40\" class=\"wpcf7-form-control wpcf7-text\" aria-invalid=\"false\" \/><\/span> <\/p>\n<p>Sua mensagem<br \/>\n    <span class=\"wpcf7-form-control-wrap your-message\"><textarea name=\"your-message\" cols=\"40\" rows=\"10\" class=\"wpcf7-form-control wpcf7-textarea\" aria-invalid=\"false\"><\/textarea><\/span> <\/p>\n<p><input type=\"submit\" value=\"Enviar\" class=\"wpcf7-form-control wpcf7-submit\" \/><\/p>\n<div class=\"wpcf7-response-output wpcf7-display-none\"><\/div><\/form><\/div>[\/vc_column][vc_column width=&#8221;1\/6&#8243;][\/vc_column][\/vc_row]<\/p>\n<\/div>","protected":false},"excerpt":{"rendered":"<p>[vc_row][vc_column width=&#8221;5\/6&#8243;][vc_column_text]O internauta do Portal Cat\u00f3lico tem prioridade, uma vez que o site foi produzido para voc\u00ea. Envie textos, fotos, \u00e1udios, entrevistas, mat\u00e9ria jornal\u00edstica ou mat\u00e9ria importante de sua Par\u00f3quia para serem publicados no portal cat\u00f3lico. Caso venha a ser selecionado, o conte\u00fado que voc\u00ea enviou ser\u00e1 publicado com o respectivo cr\u00e9dito em nossas se\u00e7\u00f5es.&nbsp;<\/p>\n<p><a class=\"btn btn-style\" href=\"https:\/\/portalcatolico.net\/portal\/contact\/\">Continue Reading<\/a><\/p>\n","protected":false},"author":1,"featured_media":0,"parent":0,"menu_order":0,"comment_status":"closed","ping_status":"closed","template":"","meta":{"footnotes":""},"class_list":["post-261","page","type-page","status-publish","hentry"],"_links":{"self":[{"href":"https:\/\/portalcatolico.net\/portal\/wp-json\/wp\/v2\/pages\/261","targetHints":{"allow":["GET"]}}],"collection":[{"href":"https:\/\/portalcatolico.net\/portal\/wp-json\/wp\/v2\/pages"}],"about":[{"href":"https:\/\/portalcatolico.net\/portal\/wp-json\/wp\/v2\/types\/page"}],"author":[{"embeddable":true,"href":"https:\/\/portalcatolico.net\/portal\/wp-json\/wp\/v2\/users\/1"}],"replies":[{"embeddable":true,"href":"https:\/\/portalcatolico.net\/portal\/wp-json\/wp\/v2\/comments?post=261"}],"version-history":[{"count":5,"href":"https:\/\/portalcatolico.net\/portal\/wp-json\/wp\/v2\/pages\/261\/revisions"}],"predecessor-version":[{"id":1222,"href":"https:\/\/portalcatolico.net\/portal\/wp-json\/wp\/v2\/pages\/261\/revisions\/1222"}],"wp:attachment":[{"href":"https:\/\/portalcatolico.net\/portal\/wp-json\/wp\/v2\/media?parent=261"}],"curies":[{"name":"wp","href":"https:\/\/api.w.org\/{rel}","templated":true}]}}