{"id":2204,"date":"2016-09-16T18:44:40","date_gmt":"2016-09-16T18:44:40","guid":{"rendered":"http:\/\/portalcatolico.net\/portal\/?page_id=2204"},"modified":"2016-09-16T19:01:38","modified_gmt":"2016-09-16T19:01:38","slug":"anuncie","status":"publish","type":"page","link":"https:\/\/portalcatolico.net\/portal\/anuncie\/","title":{"rendered":"Anuncie"},"content":{"rendered":"<div class=\"wpb-content-wrapper\"><p>[vc_row][vc_column][vc_column_text]<\/p>\n<p style=\"text-align: justify;\"><b>Voc\u00ea poder\u00e1 anunciar conosco sua empresa ou neg\u00f3cios com retorno garantido no melhor custo\/benef\u00edcio da internet.<\/b><\/p>\n<p style=\"text-align: justify;\"><b>Acessado pelas classes de A, B C, D,\u00a0 o Portal Cat\u00f3lico cobre diferentes tipos de acontecimentos cat\u00f3lico\u00a0 de Itabuna e cidades da regi\u00e3o. O Portal Cat\u00f3lico \u00e9 um dos canais do Youtube, Facebook, Twitter e WhatsApp e LinkedIn.<\/b><\/p>\n<p style=\"text-align: justify;\"><b>Contatos<\/b><\/p>\n<p style=\"text-align: justify;\"><u><i><b>Telefones:<\/b><\/i><\/u><b> (73)8822-6636\/9134-5782\/8174-0250<br \/>\n<u><i>E-mail:<\/i><\/u> comercial@portalcatolico.net<\/b><\/p>\n<p>[\/vc_column_text][\/vc_column][\/vc_row]<\/p>\n<\/div>","protected":false},"excerpt":{"rendered":"<p>[vc_row][vc_column][vc_column_text] Voc\u00ea poder\u00e1 anunciar conosco sua empresa ou neg\u00f3cios com retorno garantido no melhor custo\/benef\u00edcio da internet. Acessado pelas classes de A, B C, D,\u00a0 o Portal Cat\u00f3lico cobre diferentes tipos de acontecimentos cat\u00f3lico\u00a0 de Itabuna e cidades da regi\u00e3o. O Portal Cat\u00f3lico \u00e9 um dos canais do Youtube, Facebook, Twitter e WhatsApp e LinkedIn.&nbsp;<\/p>\n<p><a class=\"btn btn-style\" href=\"https:\/\/portalcatolico.net\/portal\/anuncie\/\">Continue Reading<\/a><\/p>\n","protected":false},"author":1,"featured_media":0,"parent":0,"menu_order":0,"comment_status":"closed","ping_status":"closed","template":"","meta":{"footnotes":""},"class_list":["post-2204","page","type-page","status-publish","hentry"],"_links":{"self":[{"href":"https:\/\/portalcatolico.net\/portal\/wp-json\/wp\/v2\/pages\/2204","targetHints":{"allow":["GET"]}}],"collection":[{"href":"https:\/\/portalcatolico.net\/portal\/wp-json\/wp\/v2\/pages"}],"about":[{"href":"https:\/\/portalcatolico.net\/portal\/wp-json\/wp\/v2\/types\/page"}],"author":[{"embeddable":true,"href":"https:\/\/portalcatolico.net\/portal\/wp-json\/wp\/v2\/users\/1"}],"replies":[{"embeddable":true,"href":"https:\/\/portalcatolico.net\/portal\/wp-json\/wp\/v2\/comments?post=2204"}],"version-history":[{"count":4,"href":"https:\/\/portalcatolico.net\/portal\/wp-json\/wp\/v2\/pages\/2204\/revisions"}],"predecessor-version":[{"id":2210,"href":"https:\/\/portalcatolico.net\/portal\/wp-json\/wp\/v2\/pages\/2204\/revisions\/2210"}],"wp:attachment":[{"href":"https:\/\/portalcatolico.net\/portal\/wp-json\/wp\/v2\/media?parent=2204"}],"curies":[{"name":"wp","href":"https:\/\/api.w.org\/{rel}","templated":true}]}}