{"id":1193,"date":"2016-09-01T18:17:02","date_gmt":"2016-09-01T18:17:02","guid":{"rendered":"http:\/\/portalcatolico.net\/portal\/?page_id=1193"},"modified":"2016-09-01T18:20:26","modified_gmt":"2016-09-01T18:20:26","slug":"links","status":"publish","type":"page","link":"https:\/\/portalcatolico.net\/portal\/links\/","title":{"rendered":"Links"},"content":{"rendered":"<div class=\"wpb-content-wrapper\"><p>[vc_row][vc_column][vc_tta_tabs][vc_tta_section title=&#8221;Dioceses&#8221; tab_id=&#8221;1472752862159-f0dfdac2-dd95&#8243;][vc_column_text]<a href=\"http:\/\/www.diocesedecaetite.org.br\/\">Diocese de Caetit\u00e9<\/a> &#8211; Caitit\u00e9, BA<\/p>\n<p><a href=\"http:\/\/www.diocesedecaetite.org.br\/\">Diocese de\u00a0Itabuna<\/a> &#8211; Itabuna, BA<\/p>\n<p><a href=\"http:\/\/www.diocesedeilheusba.com\/\">Diocese de Ilh\u00e9us<\/a> &#8211; Ilh\u00e9us, BA<\/p>\n<p>Diocese de Jequi\u00e9 &#8211; Jequi\u00e9, BA<\/p>\n<p>Arquidiocese de Salvador &#8211; Salvador, BA<\/p>\n<p>Diocese de Barreiras &#8211; Barreiras, BA<\/p>\n<p>[\/vc_column_text][\/vc_tta_section][vc_tta_section title=&#8221;Sites Cat\u00f3licos&#8221; tab_id=&#8221;1472752862191-9a2287e0-c713&#8243;][vc_column_text]<a href=\"http:\/\/www.fecatolica.com.br\/index.php\">F\u00e9 Cat\u00f3lica<\/a> &#8211; Feira de Santana, BA<\/p>\n<p>[\/vc_column_text][\/vc_tta_section][vc_tta_section title=&#8221;R\u00e1dios On-line&#8221; tab_id=&#8221;1472753486528-84fcf960-6aea&#8221;][vc_column_text]<a href=\"http:\/\/www.webradiosaofrancisco.com\/\">Radio Web S\u00e3o Francisco<\/a><\/p>\n<p><a href=\"http:\/\/www.alianca.fm.br\/\">R\u00e1dio Alian\u00e7a<\/a><\/p>\n<p>&nbsp;<\/p>\n<p>[\/vc_column_text][\/vc_tta_section][vc_tta_section title=&#8221;B\u00edblia On-line&#8221; tab_id=&#8221;1472753702649-c8c47abb-74a1&#8243;][vc_column_text]<a href=\"http:\/\/liturgiadiaria.cnbb.org.br\/app\/user\/user\/UserView.php\">B\u00edblia Online<\/a>[\/vc_column_text][\/vc_tta_section][\/vc_tta_tabs][\/vc_column][\/vc_row]<\/p>\n<\/div>","protected":false},"excerpt":{"rendered":"<p>[vc_row][vc_column][vc_tta_tabs][vc_tta_section title=&#8221;Dioceses&#8221; tab_id=&#8221;1472752862159-f0dfdac2-dd95&#8243;][vc_column_text]Diocese de Caetit\u00e9 &#8211; Caitit\u00e9, BA Diocese de\u00a0Itabuna &#8211; Itabuna, BA Diocese de Ilh\u00e9us &#8211; Ilh\u00e9us, BA Diocese de Jequi\u00e9 &#8211; Jequi\u00e9, BA Arquidiocese de Salvador &#8211; Salvador, BA Diocese de Barreiras &#8211; Barreiras, BA [\/vc_column_text][\/vc_tta_section][vc_tta_section title=&#8221;Sites Cat\u00f3licos&#8221; tab_id=&#8221;1472752862191-9a2287e0-c713&#8243;][vc_column_text]F\u00e9 Cat\u00f3lica &#8211; Feira de Santana, BA [\/vc_column_text][\/vc_tta_section][vc_tta_section title=&#8221;R\u00e1dios On-line&#8221; tab_id=&#8221;1472753486528-84fcf960-6aea&#8221;][vc_column_text]Radio Web S\u00e3o Francisco R\u00e1dio&nbsp;<\/p>\n<p><a class=\"btn btn-style\" href=\"https:\/\/portalcatolico.net\/portal\/links\/\">Continue Reading<\/a><\/p>\n","protected":false},"author":1,"featured_media":0,"parent":0,"menu_order":0,"comment_status":"closed","ping_status":"closed","template":"","meta":{"footnotes":""},"class_list":["post-1193","page","type-page","status-publish","hentry"],"_links":{"self":[{"href":"https:\/\/portalcatolico.net\/portal\/wp-json\/wp\/v2\/pages\/1193","targetHints":{"allow":["GET"]}}],"collection":[{"href":"https:\/\/portalcatolico.net\/portal\/wp-json\/wp\/v2\/pages"}],"about":[{"href":"https:\/\/portalcatolico.net\/portal\/wp-json\/wp\/v2\/types\/page"}],"author":[{"embeddable":true,"href":"https:\/\/portalcatolico.net\/portal\/wp-json\/wp\/v2\/users\/1"}],"replies":[{"embeddable":true,"href":"https:\/\/portalcatolico.net\/portal\/wp-json\/wp\/v2\/comments?post=1193"}],"version-history":[{"count":1,"href":"https:\/\/portalcatolico.net\/portal\/wp-json\/wp\/v2\/pages\/1193\/revisions"}],"predecessor-version":[{"id":1194,"href":"https:\/\/portalcatolico.net\/portal\/wp-json\/wp\/v2\/pages\/1193\/revisions\/1194"}],"wp:attachment":[{"href":"https:\/\/portalcatolico.net\/portal\/wp-json\/wp\/v2\/media?parent=1193"}],"curies":[{"name":"wp","href":"https:\/\/api.w.org\/{rel}","templated":true}]}}