{"id":9800,"date":"2016-11-18T18:00:43","date_gmt":"2016-11-18T18:00:43","guid":{"rendered":"http:\/\/portalcatolico.net\/portal\/?page_id=9800"},"modified":"2016-11-18T18:13:36","modified_gmt":"2016-11-18T18:13:36","slug":"pastorais","status":"publish","type":"page","link":"http:\/\/portalcatolico.net\/portal\/pastorais\/","title":{"rendered":"Pastorais"},"content":{"rendered":"<div class=\"wpb-content-wrapper\"><p>[vc_row][vc_column][vc_tta_accordion][vc_tta_section title=&#8221;Pastorais&#8221; tab_id=&#8221;1479490728743-ca8a05d0-1c49&#8243;][vc_column_text]<strong>Pastorais<\/strong>: \u00c9 servi\u00e7o, a\u00e7\u00e3o, trabalho desenvolvido pela Igreja, que segue Jesus Cristo. Os membros das pastorais s\u00e3o\u00a0 denominadas \u201cagentes pastorais\u201d ou \u201cagentes de pastoral\u201d.\u00a0\u00a0Toda pastoral exige em si mesma um\u00a0objetivo, uma caracter\u00edstica e uma necessidade, de forma que ela \u00e9 constitu\u00edda como necessidade prim\u00e1ria na evangeliza\u00e7\u00e3o e servi\u00e7o nas dioceses e nas par\u00f3quias .Os agentes de pastorais atuam em diversas \u00e1reas e levam apoio, orienta\u00e7\u00f5es e conforto espiritual para os\u00a0 irm\u00e3os brasileiros que frequentam ou n\u00e3o as comunidades. Regularmente participam de cursos e encontros de forma\u00e7\u00e3o para que possam trabalhar junto \u00e0s comunidades com plena consci\u00eancia do que fazem e da correta finalidade do seu trabalho.\u00a0S\u00e3o exemplos algumas pastorais: Jovens, Liturgia, Batismo, Comunica\u00e7\u00e3o, Familiar, Catequese, Crisma, Dizimo, Carcer\u00e1ria entre outras. A finalidade da Igreja Cat\u00f3lica \u00e9 evangelizar, ou seja, difundir os ensinamentos deixados por Jesus nos evangelhos e nos livros sagrados.<\/p>\n<p><strong>Grupos<\/strong>: S\u00e3o formados por fieis que se re\u00fanem de forma espont\u00e2nea, por\u00e9m sempre com a licen\u00e7a e orienta\u00e7\u00e3o do P\u00e1roco ou Vig\u00e1rio Paroquial e t\u00eam como base a ora\u00e7\u00e3o e a escuta da Palavra.\u00a0 Os grupos re\u00fanem-se para orar, para promover a justi\u00e7a e a paz, para visitar doentes, etc. Eles est\u00e3o presentes nas dioceses, par\u00f3quias, capelas, col\u00e9gios, universidades, pres\u00eddios, entre outros. Nas reuni\u00f5es, o\u00a0 objetivo principal\u00a0 de todos \u00e9\u00a0 a ora\u00e7\u00e3o para evangelizar os irm\u00e3os.<\/p>\n<p><strong>Movimentos<\/strong>: Nascem e se formam num contexto externo \u00e0 igreja local, mas atuam dentro da Par\u00f3quia. \u00c9 uma a\u00e7\u00e3o dos leigos que pode envolver v\u00e1rias pastorais\/servi\u00e7os ao mesmo tempo. Est\u00e3o mais ligados \u00e0 vida pessoal\u00a0 dos participantes e, em geral, t\u00eam um car\u00e1ter de espiritualidade e seguem um carisma pr\u00f3prio, envolvendo mais ou menos as mesmas pessoas que vivenciaram um encontro, um retiro ou uma catequese.[\/vc_column_text][\/vc_tta_section][vc_tta_section title=&#8221;Pastoral Carcer\u00e1ria&#8221; tab_id=&#8221;1479490728838-4c59bf92-299b&#8221;][vc_column_text]A Pastoral Carcer\u00e1ria, conhecida em algumas regi\u00f5es do Brasil como \u201cPastoral Presidi\u00e1ria\u201d ou ainda \u201cPastoral Penal\u201d, tem seu fundamento b\u00edblico nas palavras de Jesus: \u201cO Esp\u00edrito do Senhor est\u00e1 sobre mim\u2026 enviou-me para proclamar a liberta\u00e7\u00e3o aos presos\u2026\u201d (Lc 4,18).<\/p>\n<p>E ainda: \u201cEu estava na pris\u00e3o e voc\u00eas foram me visitar.\u201d (Mt 25,36). A Igreja, fiel ao mandato de Jesus, sente-se respons\u00e1vel e comprometida com estes homens e por estas mulheres que, afastadas do conv\u00edvio social, continuam sendo a imagem e semelhan\u00e7a do Cristo (cf. Gn 1,27; Cl 3,10).<\/p>\n<p>A Pastoral Carcer\u00e1ria \u00e9 a presen\u00e7a da Igreja no meio deles, levando \u201cvida\u201d e sempre se questionando sobre o que Jesus faria diante desta realidade t\u00e3o complexa e dolorosa.<br \/>\nConhe\u00e7a o site:\u00a0<a href=\"http:\/\/carceraria.org.br\/\">http:\/\/carceraria.org.br<\/a>[\/vc_column_text][\/vc_tta_section][vc_tta_section title=&#8221;Equipes de Nossa Senhora&#8221; tab_id=&#8221;1479490998245-df846264-4236&#8243;][vc_column_text]As Equipes de Nossa Senhora (ENS) s\u00e3o um movimento de espiritualidade conjugal cujo objetivo \u00e9 ajudar os casais a viver plenamente o seu sacramento do Matrim\u00f4nio, anunciando ao mundo os valores do casamento crist\u00e3o pela palavra e pelo testemunho de vida. S\u00e3o uma escola de forma\u00e7\u00e3o para casais crist\u00e3os unidos pelo sacramento do Matrim\u00f4nio.<\/p>\n<p>Apesar de n\u00e3o ser um movimento mariano, as ENS recebem o nome de Maria, colocando-se sob sua prote\u00e7\u00e3o.<\/p>\n<p>As Equipes de Nossa Senhora oferecem meios concretos para ajudar os casais a alimentar o amor conjugal e a prosseguir no seu caminho de convers\u00e3o. Os casais, conscientes das suas pr\u00f3prias fraquezas e das dificuldades que encontram, decidem formar equipa e constituir uma comunidade de f\u00e9 para percorrerem juntos um caminho de convers\u00e3o, apoiando-se uns nos outros.<\/p>\n<p>As equipes s\u00e3o constitu\u00eddas por um n\u00famero indicativo de 5 a 7 casais e um sacerdote, designado Conselheiro Espiritual. Re\u00fanem-se mensalmente num encontro de ora\u00e7\u00e3o, partilha e estudo de um tema de forma\u00e7\u00e3o crist\u00e3, para se entreajudarem numa caminhada com Cristo.<\/p>\n<p>O movimento das Equipas de Nossa Senhora est\u00e1 espalhado pelo mundo inteiro. Em Portugal o movimento existe h\u00e1 mais de 50 anos e encontra-se espalhado pelo continente, pelas ilhas (Madeira e A\u00e7ores), \u00c1frica do Sul e \u00c1frica lus\u00f3fona (Angola, Mo\u00e7ambique, Cabo Verde e S.Tom\u00e9 e Pr\u00edncipe). Em Janeiro de 2009 existiam 1.119 equipas totalizando 13.499 membros, 6.276 casais, 237 vi\u00favos e 710 Conselheiros Espirituais.<br \/>\nSite:\u00a0<a href=\"http:\/\/www.ens.org.br\/\">http:\/\/www.ens.org.br<\/a>[\/vc_column_text][\/vc_tta_section][vc_tta_section title=&#8221;Pastoral da Catequese &#8221; tab_id=&#8221;1479491216885-c8ad3c96-c6ca&#8221;][vc_column_text]Comunicar \u00e9 apresentar os meios para ser crist\u00e3o e mostrar a alegria de viver o \u201cEvangelho\u201d numa atitude de di\u00e1logo e testemunho.<\/p>\n<p>A 1\u00aa Comunh\u00e3o \u00e9 para crian\u00e7as a partir de 9 anos: A crian\u00e7a est\u00e1 na idade ideal de receber e sensibilizar-se com a mensagem de Jesus e dar sua ades\u00e3o infantil.<\/p>\n<p>A perseveran\u00e7a \u00e9 para crian\u00e7as e adolescentes que j\u00e1 receberam a 1\u00aa Eucaristia. Eles ter\u00e3o oportunidade de um crescimento espiritual atrav\u00e9s de encontros, de viv\u00eancia comunit\u00e1ria e de catequese lit\u00fargica.<\/p>\n<p>Oferece-se ao adulto a oportunidade de seu crescimento na educa\u00e7\u00e3o da f\u00e9 e a celebra\u00e7\u00e3o dessa f\u00e9 atrav\u00e9s da liturgia, pois a catequese lit\u00fargica visa enraizar e amadurecer na ades\u00e3o pessoal a Jesus Cristo e a participa\u00e7\u00e3o na constru\u00e7\u00e3o da sociedade.<\/p>\n<p>A catequese de Crisma \u00e9 destinada a toda pessoa com mais de 15 anos de idade que queira receber os Dons do Esp\u00edrito Santo e engajar-se na Igreja. A Crisma \u00e9, pois, a renova\u00e7\u00e3o do Batismo, por isto deve ser uma decis\u00e3o consciente.<\/p>\n<p>A catequese destina-se a preparar o futuro crismando para tomar tal decis\u00e3o.\u00a0 O crismando ir\u00e1 conhecer mais a fundo a proposta de Jesus Cristo e da Igreja Cat\u00f3lica e decidir se \u00e9 isto mesmo que ele quer viver e assumir.<br \/>\nSaiba mais:\u00a0<a href=\"http:\/\/www.cnbbo2.org.br\/pastorais\/pastoral-da-catequese\/\">http:\/\/www.cnbbo2.org.br\/pastorais\/pastoral-da-catequese\/<\/a>[\/vc_column_text][\/vc_tta_section][vc_tta_section title=&#8221;Pastoral da Comunica\u00e7\u00e3o (Pascom)&#8221; tab_id=&#8221;1479491390826-7d9bcfb4-c239&#8243;][vc_column_text]A Pastoral da Comunica\u00e7\u00e3o (Pascom) surgiu em resposta \u00e0 urgente necessidade da Igreja em utilizar e evangelizar os meios de comunica\u00e7\u00e3o social. Sua pedra fundamental \u00e9 a carta enc\u00edclica Miranda Prorsus (Os maravilhosos progressos), escrita pelo papa Pio XII, em 1957.<\/p>\n<p>Essa \u00e9 uma pastoral espec\u00edfica dentro da Igreja, com orienta\u00e7\u00f5es e documentos do Vaticano e do Pontif\u00edcio Conselho para as Comunica\u00e7\u00f5es, que se ocupa dessa miss\u00e3o. Atualmente, dentro do contexto do CNBB, a Pascom se situa na Comiss\u00e3o Episcopal Pastoral para a Cultura, Educa\u00e7\u00e3o e Comunica\u00e7\u00e3o Social.<\/p>\n<p>Em termos do Brasil, o primeiro documento publicado sobre o tema \u00e9 o 59, da CNBB, com o t\u00edtulo Igreja e Comunica\u00e7\u00e3o rumo ao Novo Mil\u00eanio, fruto da Assembl\u00e9ia Geral dos Bispos do Brasil, realizada em abril de 1997, em S\u00e3o Paulo. \u00c9 esse o primeiro documento da CNBB que trata da necessidade da cria\u00e7\u00e3o e organiza\u00e7\u00e3o da Pascom nas dioceses e par\u00f3quias.<\/p>\n<p>A Pascom n\u00e3o \u00e9 uma pastoral que trabalha isoladamente. Ela passa por dentro de todas as outras pastorais, movimentos e servi\u00e7os, levando o oxig\u00eanio da comunica\u00e7\u00e3o a toda par\u00f3quia.<br \/>\nSaiba mais:\u00a0<a href=\"http:\/\/www.catequisar.com.br\/texto\/pastorais\/pascom\/13.htm\">http:\/\/www.catequisar.com.br\/texto\/pastorais\/pascom\/13.htm<\/a>[\/vc_column_text][\/vc_tta_section][vc_tta_section title=&#8221;Pastoral do Batismo&#8221; tab_id=&#8221;1479491523357-07a0527b-5fbb&#8221;][vc_column_text]O principal objetivo da Pastoral do Batismo \u00e9 levar aos pais e padrinhos, o conhecimento do que \u00e9 o Batismo e o compromisso que atrav\u00e9s dele se assume com Deus e com a comunidade. Demonstrar que este Sacramento n\u00e3o se resume apenas em batizar. \u00c9 necess\u00e1rio vivenciar, testemunhar e ensinar filhos e afilhados a serem crist\u00e3os aut\u00eanticos e fi\u00e9is seguidores de Jesus Cristo.[\/vc_column_text][\/vc_tta_section][vc_tta_section title=&#8221;Ministro Extraordin\u00e1rio da Comunh\u00e3o Eucaristia- MECE&#8221; tab_id=&#8221;1479491552431-2d4aaf3c-165c&#8221;][vc_column_text]O Ministro Extraordin\u00e1rio da Comunh\u00e3o \u00e9, na Igreja Cat\u00f3lica, um leigo a quem \u00e9 dada permiss\u00e3o, de forma tempor\u00e1ria ou permanente, de distribuir a comunh\u00e3o aos fi\u00e9is, na Santa Missa ou em outras circunst\u00e2ncias, quando n\u00e3o h\u00e1 um Ministro Ordenado (Bispo, Presb\u00edtero ou Di\u00e1cono) que o possa fazer. A estes compete, por direito, o distribuir da Sagrada Comunh\u00e3o. Por esse motivo, o nome desta fun\u00e7\u00e3o \u00e9 Ministro Extraordin\u00e1rio da Comunh\u00e3o, e n\u00e3o da Eucaristia, visto que apenas os Sacerdotes s\u00e3o Ministros da Eucaristia, e a fun\u00e7\u00e3o dos Ministros Extraordin\u00e1rios da Comunh\u00e3o limita-se apenas em sua distribui\u00e7\u00e3o.[\/vc_column_text][\/vc_tta_section][vc_tta_section title=&#8221;Pastoral do D\u00edzimo&#8221; tab_id=&#8221;1479491695801-2c96a962-6890&#8243;][vc_column_text]O d\u00edzimo faz parte do 5\u00ba mandamento da Igreja. N\u00e3o \u00e9 pagamento e sim express\u00e3o de quem ama Deus e a comunidade eclesial. Com a devolu\u00e7\u00e3o do d\u00edzimo o fiel mant\u00e9m as obras de evangeliza\u00e7\u00e3o da Igreja (Par\u00f3quia,Diocese) nas dimens\u00f5es: religiosa, mission\u00e1ria e social.<\/p>\n<p>O d\u00edzimo faz parte do 5\u00ba mandamento da Igreja. N\u00e3o \u00e9 pagamento e sim express\u00e3o de quem ama Deus e a comunidade eclesial. Com a devolu\u00e7\u00e3o do d\u00edzimo o fiel mant\u00e9m as obras de evangeliza\u00e7\u00e3o da Igreja (Par\u00f3quia,Diocese) nas dimens\u00f5es: religiosa, mission\u00e1ria e social.<br \/>\nSaiba mais:\u00a0<a href=\"http:\/\/santuariosenhorbomjesus.com.br\/pastoral-do-dizimo\/\">http:\/\/santuariosenhorbomjesus.com.br\/pastoral-do-dizimo<\/a>[\/vc_column_text][\/vc_tta_section][vc_tta_section title=&#8221;Pastoral Familiar &#8221; tab_id=&#8221;1479491815919-493e1b33-87bf&#8221;][vc_column_text]A Pastoral Familiar\u00a0surgiu da necessidade de atua\u00e7\u00e3o da Igreja junto \u00e0s fam\u00edlias devido \u00e0s amplas, profundas e r\u00e1pidas transforma\u00e7\u00f5es da sociedade e da cultura, pondo em quest\u00e3o esta institui\u00e7\u00e3o que constitui o cerne da sociedade. A fam\u00edlia sempre foi de grande import\u00e2ncia para a Igreja pois atrav\u00e9s dela que o homem come\u00e7a sua vida, forma sua base.<\/p>\n<p>Em 1980, de 26 de setembro a 25 de outubro , realizou-se em Roma o s\u00ednodo dos bispos sobre a fun\u00e7\u00e3o da fam\u00edlia crist\u00e3 no mundo de hoje resultando na Exorta\u00e7\u00e3o Apost\u00f3lica Familiaris Consortio do papa Jo\u00e3o Paulo II . Com base nesta enc\u00edclica, a CNBB publicou o documento 65 \u2013 A Pastoral Familiar no Brasil que serve de subs\u00eddio para a implanta\u00e7\u00e3o da Pastoral Familiar nas Par\u00f3quias.<\/p>\n<p>A Pastoral Familiar tem como miss\u00e3o ser misericordiosa, acolhedora, integrada, defensora da vida e dos valores crist\u00e3os, valorizadora do sacramento do matrim\u00f4nio e formadora de Igrejas dom\u00e9sticas e comunidades de amor.<\/p>\n<p>A Pastoral familiar destina-se a todos os tipos de pessoas e fam\u00edlias para ajud\u00e1-las e servi-las \u2013 fam\u00edlias bem constitu\u00eddas, desestruturadas, futuras fam\u00edlias, fam\u00edlias em situa\u00e7\u00e3o de mis\u00e9ria, distanciadas da vida da igreja, discriminadas, de migrantes, m\u00e3es e pais solteiros, pessoas sem fam\u00edlia, divorciadas, vi\u00favos e em toda situa\u00e7\u00e3o familiar que necessite de ajuda e acolhimento.<\/p>\n<p>Para melhor atua\u00e7\u00e3o, a Pastoral Familiar divide-se em tr\u00eas setores: Pr\u00e9-matrimonial, P\u00f3s-matrimonial e casos especiais.<br \/>\nLer mais:\u00a0<a href=\"http:\/\/pastoralfamiliarnsamparo.webnode.com.br\/sobre-nos\/?utm_source=copy&amp;utm_medium=paste&amp;utm_campaign=copypaste&amp;utm_content=http%3A%2F%2Fpastoralfamiliarnsamparo.webnode.com.br%2Fsobre-nos%2F\">http:\/\/pastoralfamiliarnsamparo.webnode.com.br\/sobre-nos\/<\/a><a href=\"http:\/\/www.cnpf.org.br\/\">http:\/\/www.cnpf.org.br\/<\/a>\u00a0 \u00a0ou \u00a0<a href=\"http:\/\/pastoralfamiliarnsamparo.webnode.com.br\/sobre-nos\/\">http:\/\/pastoralfamiliarnsamparo.webnode.com.br\/sobre-nos\/<\/a>[\/vc_column_text][\/vc_tta_section][vc_tta_section title=&#8221;Pastoral de Rua &#8221; tab_id=&#8221;1479491930413-988e40e8-1a71&#8243;][vc_column_text]A Pastoral do Povo da Rua tem como miss\u00e3o ser presen\u00e7a solid\u00e1ria junto ao povo da rua e dos lix\u00f5es, reconhecer os sinais de Deus presentes na sua hist\u00f3ria e desenvolver a\u00e7\u00f5es que transformem a situa\u00e7\u00e3o de exclus\u00e3o em projetos de vida para todos.<br \/>\nA PPR \u00e9 vinculada \u00e0 Confer\u00eancia Nacional dos Bispos do Brasil (CNBB) e iniciou sua atua\u00e7\u00e3o no final da d\u00e9cada de 1980, sendo institu\u00edda em 2001.<br \/>\nSaiba mais:\u00a0<a href=\"http:\/\/www.cnbbleste2.org.br\/index.php?pagina=grupo_orgao&amp;tela=38&amp;vw=347\">http:\/\/www.cnbbleste2.org.br\/index.php?pagina=grupo_orgao&amp;tela=38&amp;vw=347<\/a><\/p>\n<p>[\/vc_column_text][\/vc_tta_section][\/vc_tta_accordion][\/vc_column][\/vc_row]<\/p>\n<\/div>","protected":false},"excerpt":{"rendered":"<p>[vc_row][vc_column][vc_tta_accordion][vc_tta_section title=&#8221;Pastorais&#8221; tab_id=&#8221;1479490728743-ca8a05d0-1c49&#8243;][vc_column_text]Pastorais: \u00c9 servi\u00e7o, a\u00e7\u00e3o, trabalho desenvolvido pela Igreja, que segue Jesus Cristo. Os membros das pastorais s\u00e3o\u00a0 denominadas \u201cagentes pastorais\u201d ou \u201cagentes de pastoral\u201d.\u00a0\u00a0Toda pastoral exige em si mesma um\u00a0objetivo, uma caracter\u00edstica e uma necessidade, de forma que ela \u00e9 constitu\u00edda como necessidade prim\u00e1ria na evangeliza\u00e7\u00e3o e servi\u00e7o nas dioceses e nas par\u00f3quias&nbsp;<\/p>\n<p><a class=\"btn btn-style\" href=\"http:\/\/portalcatolico.net\/portal\/pastorais\/\">Continue Reading<\/a><\/p>\n","protected":false},"author":2,"featured_media":0,"parent":0,"menu_order":0,"comment_status":"closed","ping_status":"closed","template":"","meta":{"footnotes":""},"class_list":["post-9800","page","type-page","status-publish","hentry"],"_links":{"self":[{"href":"http:\/\/portalcatolico.net\/portal\/wp-json\/wp\/v2\/pages\/9800","targetHints":{"allow":["GET"]}}],"collection":[{"href":"http:\/\/portalcatolico.net\/portal\/wp-json\/wp\/v2\/pages"}],"about":[{"href":"http:\/\/portalcatolico.net\/portal\/wp-json\/wp\/v2\/types\/page"}],"author":[{"embeddable":true,"href":"http:\/\/portalcatolico.net\/portal\/wp-json\/wp\/v2\/users\/2"}],"replies":[{"embeddable":true,"href":"http:\/\/portalcatolico.net\/portal\/wp-json\/wp\/v2\/comments?post=9800"}],"version-history":[{"count":4,"href":"http:\/\/portalcatolico.net\/portal\/wp-json\/wp\/v2\/pages\/9800\/revisions"}],"predecessor-version":[{"id":9804,"href":"http:\/\/portalcatolico.net\/portal\/wp-json\/wp\/v2\/pages\/9800\/revisions\/9804"}],"wp:attachment":[{"href":"http:\/\/portalcatolico.net\/portal\/wp-json\/wp\/v2\/media?parent=9800"}],"curies":[{"name":"wp","href":"https:\/\/api.w.org\/{rel}","templated":true}]}}