{"id":59105,"date":"2018-09-29T22:40:45","date_gmt":"2018-09-30T01:40:45","guid":{"rendered":"http:\/\/portalcatolico.net\/portal\/?page_id=59105"},"modified":"2018-09-29T22:40:45","modified_gmt":"2018-09-30T01:40:45","slug":"formacao-do-apostolada-da-oracao-em-itabuna","status":"publish","type":"page","link":"http:\/\/portalcatolico.net\/portal\/formacao-do-apostolada-da-oracao-em-itabuna\/","title":{"rendered":"Forma\u00e7\u00e3o do Apostolada da Ora\u00e7\u00e3o em Itabuna"},"content":{"rendered":"<div\n\tclass=\"ngg-galleryoverview default-view  ngg-ajax-pagination-none\"\n\tid=\"ngg-gallery-6a84da22326049dac2254f6f5bdc5f27-1\">\n\n\t\t<!-- Thumbnails -->\n\t\t\t\t<div id=\"ngg-image-0\" class=\"ngg-gallery-thumbnail-box \" >\n\t\t\t\t        <div class=\"ngg-gallery-thumbnail\">\n            <a href=\"http:\/\/portalcatolico.net\/portal\/wp-content\/gallery\/formacao-do-apostolado-da-oracao\/DSCN8844.jpg\"\n               title=\"\"\n               data-src=\"http:\/\/portalcatolico.net\/portal\/wp-content\/gallery\/formacao-do-apostolado-da-oracao\/DSCN8844.jpg\"\n               data-thumbnail=\"http:\/\/portalcatolico.net\/portal\/wp-content\/gallery\/formacao-do-apostolado-da-oracao\/thumbs\/thumbs_DSCN8844.jpg\"\n               data-image-id=\"21989\"\n               data-title=\"DSCN8844\"\n               data-description=\"\"\n               data-image-slug=\"dscn8844-5\"\n               class=\"ngg-fancybox\" rel=\"6a84da22326049dac2254f6f5bdc5f27\">\n                <img\n                    title=\"DSCN8844\"\n                    alt=\"DSCN8844\"\n                    src=\"http:\/\/portalcatolico.net\/portal\/wp-content\/gallery\/formacao-do-apostolado-da-oracao\/thumbs\/thumbs_DSCN8844.jpg\"\n                    width=\"240\"\n                    height=\"160\"\n                    style=\"max-width:100%;\"\n                \/>\n            <\/a>\n        <\/div>\n\t\t\t\t\t\t\t<\/div> \n\t\t\t\n\t\t\t\t<div id=\"ngg-image-1\" class=\"ngg-gallery-thumbnail-box \" >\n\t\t\t\t        <div class=\"ngg-gallery-thumbnail\">\n            <a href=\"http:\/\/portalcatolico.net\/portal\/wp-content\/gallery\/formacao-do-apostolado-da-oracao\/DSCN8846.jpg\"\n               title=\"\"\n               data-src=\"http:\/\/portalcatolico.net\/portal\/wp-content\/gallery\/formacao-do-apostolado-da-oracao\/DSCN8846.jpg\"\n               data-thumbnail=\"http:\/\/portalcatolico.net\/portal\/wp-content\/gallery\/formacao-do-apostolado-da-oracao\/thumbs\/thumbs_DSCN8846.jpg\"\n               data-image-id=\"21990\"\n               data-title=\"DSCN8846\"\n               data-description=\"\"\n               data-image-slug=\"dscn8846-5\"\n               class=\"ngg-fancybox\" rel=\"6a84da22326049dac2254f6f5bdc5f27\">\n                <img\n                    title=\"DSCN8846\"\n                    alt=\"DSCN8846\"\n                    src=\"http:\/\/portalcatolico.net\/portal\/wp-content\/gallery\/formacao-do-apostolado-da-oracao\/thumbs\/thumbs_DSCN8846.jpg\"\n                    width=\"240\"\n                    height=\"160\"\n                    style=\"max-width:100%;\"\n                \/>\n            <\/a>\n        <\/div>\n\t\t\t\t\t\t\t<\/div> \n\t\t\t\n\t\t\t\t<div id=\"ngg-image-2\" class=\"ngg-gallery-thumbnail-box \" >\n\t\t\t\t        <div class=\"ngg-gallery-thumbnail\">\n            <a href=\"http:\/\/portalcatolico.net\/portal\/wp-content\/gallery\/formacao-do-apostolado-da-oracao\/DSCN8849.jpg\"\n               title=\"\"\n               data-src=\"http:\/\/portalcatolico.net\/portal\/wp-content\/gallery\/formacao-do-apostolado-da-oracao\/DSCN8849.jpg\"\n               data-thumbnail=\"http:\/\/portalcatolico.net\/portal\/wp-content\/gallery\/formacao-do-apostolado-da-oracao\/thumbs\/thumbs_DSCN8849.jpg\"\n               data-image-id=\"21991\"\n               data-title=\"DSCN8849\"\n               data-description=\"\"\n               data-image-slug=\"dscn8849-5\"\n               class=\"ngg-fancybox\" rel=\"6a84da22326049dac2254f6f5bdc5f27\">\n                <img\n                    title=\"DSCN8849\"\n                    alt=\"DSCN8849\"\n                    src=\"http:\/\/portalcatolico.net\/portal\/wp-content\/gallery\/formacao-do-apostolado-da-oracao\/thumbs\/thumbs_DSCN8849.jpg\"\n                    width=\"240\"\n                    height=\"160\"\n                    style=\"max-width:100%;\"\n                \/>\n            <\/a>\n        <\/div>\n\t\t\t\t\t\t\t<\/div> \n\t\t\t\n\t\t\t\t<div id=\"ngg-image-3\" class=\"ngg-gallery-thumbnail-box \" >\n\t\t\t\t        <div class=\"ngg-gallery-thumbnail\">\n            <a href=\"http:\/\/portalcatolico.net\/portal\/wp-content\/gallery\/formacao-do-apostolado-da-oracao\/DSCN8850.jpg\"\n               title=\"\"\n               data-src=\"http:\/\/portalcatolico.net\/portal\/wp-content\/gallery\/formacao-do-apostolado-da-oracao\/DSCN8850.jpg\"\n               data-thumbnail=\"http:\/\/portalcatolico.net\/portal\/wp-content\/gallery\/formacao-do-apostolado-da-oracao\/thumbs\/thumbs_DSCN8850.jpg\"\n               data-image-id=\"21992\"\n               data-title=\"DSCN8850\"\n               data-description=\"\"\n               data-image-slug=\"dscn8850-5\"\n               class=\"ngg-fancybox\" rel=\"6a84da22326049dac2254f6f5bdc5f27\">\n                <img\n                    title=\"DSCN8850\"\n                    alt=\"DSCN8850\"\n                    src=\"http:\/\/portalcatolico.net\/portal\/wp-content\/gallery\/formacao-do-apostolado-da-oracao\/thumbs\/thumbs_DSCN8850.jpg\"\n                    width=\"240\"\n                    height=\"160\"\n                    style=\"max-width:100%;\"\n                \/>\n            <\/a>\n        <\/div>\n\t\t\t\t\t\t\t<\/div> \n\t\t\t\n\t\t\t\t<div id=\"ngg-image-4\" class=\"ngg-gallery-thumbnail-box \" >\n\t\t\t\t        <div class=\"ngg-gallery-thumbnail\">\n            <a href=\"http:\/\/portalcatolico.net\/portal\/wp-content\/gallery\/formacao-do-apostolado-da-oracao\/DSCN8851.jpg\"\n               title=\"\"\n               data-src=\"http:\/\/portalcatolico.net\/portal\/wp-content\/gallery\/formacao-do-apostolado-da-oracao\/DSCN8851.jpg\"\n               data-thumbnail=\"http:\/\/portalcatolico.net\/portal\/wp-content\/gallery\/formacao-do-apostolado-da-oracao\/thumbs\/thumbs_DSCN8851.jpg\"\n               data-image-id=\"21993\"\n               data-title=\"DSCN8851\"\n               data-description=\"\"\n               data-image-slug=\"dscn8851-4\"\n               class=\"ngg-fancybox\" rel=\"6a84da22326049dac2254f6f5bdc5f27\">\n                <img\n                    title=\"DSCN8851\"\n                    alt=\"DSCN8851\"\n                    src=\"http:\/\/portalcatolico.net\/portal\/wp-content\/gallery\/formacao-do-apostolado-da-oracao\/thumbs\/thumbs_DSCN8851.jpg\"\n                    width=\"240\"\n                    height=\"160\"\n                    style=\"max-width:100%;\"\n                \/>\n            <\/a>\n        <\/div>\n\t\t\t\t\t\t\t<\/div> \n\t\t\t\n\t\t\t\t<div id=\"ngg-image-5\" class=\"ngg-gallery-thumbnail-box \" >\n\t\t\t\t        <div class=\"ngg-gallery-thumbnail\">\n            <a href=\"http:\/\/portalcatolico.net\/portal\/wp-content\/gallery\/formacao-do-apostolado-da-oracao\/DSCN8859.jpg\"\n               title=\"\"\n               data-src=\"http:\/\/portalcatolico.net\/portal\/wp-content\/gallery\/formacao-do-apostolado-da-oracao\/DSCN8859.jpg\"\n               data-thumbnail=\"http:\/\/portalcatolico.net\/portal\/wp-content\/gallery\/formacao-do-apostolado-da-oracao\/thumbs\/thumbs_DSCN8859.jpg\"\n               data-image-id=\"21994\"\n               data-title=\"DSCN8859\"\n               data-description=\"\"\n               data-image-slug=\"dscn8859-4\"\n               class=\"ngg-fancybox\" rel=\"6a84da22326049dac2254f6f5bdc5f27\">\n                <img\n                    title=\"DSCN8859\"\n                    alt=\"DSCN8859\"\n                    src=\"http:\/\/portalcatolico.net\/portal\/wp-content\/gallery\/formacao-do-apostolado-da-oracao\/thumbs\/thumbs_DSCN8859.jpg\"\n                    width=\"240\"\n                    height=\"160\"\n                    style=\"max-width:100%;\"\n                \/>\n            <\/a>\n        <\/div>\n\t\t\t\t\t\t\t<\/div> \n\t\t\t\n\t\t\t\t<div id=\"ngg-image-6\" class=\"ngg-gallery-thumbnail-box \" >\n\t\t\t\t        <div class=\"ngg-gallery-thumbnail\">\n            <a href=\"http:\/\/portalcatolico.net\/portal\/wp-content\/gallery\/formacao-do-apostolado-da-oracao\/DSCN8860.jpg\"\n               title=\"\"\n               data-src=\"http:\/\/portalcatolico.net\/portal\/wp-content\/gallery\/formacao-do-apostolado-da-oracao\/DSCN8860.jpg\"\n               data-thumbnail=\"http:\/\/portalcatolico.net\/portal\/wp-content\/gallery\/formacao-do-apostolado-da-oracao\/thumbs\/thumbs_DSCN8860.jpg\"\n               data-image-id=\"21995\"\n               data-title=\"DSCN8860\"\n               data-description=\"\"\n               data-image-slug=\"dscn8860-4\"\n               class=\"ngg-fancybox\" rel=\"6a84da22326049dac2254f6f5bdc5f27\">\n                <img\n                    title=\"DSCN8860\"\n                    alt=\"DSCN8860\"\n                    src=\"http:\/\/portalcatolico.net\/portal\/wp-content\/gallery\/formacao-do-apostolado-da-oracao\/thumbs\/thumbs_DSCN8860.jpg\"\n                    width=\"240\"\n                    height=\"160\"\n                    style=\"max-width:100%;\"\n                \/>\n            <\/a>\n        <\/div>\n\t\t\t\t\t\t\t<\/div> \n\t\t\t\n\t\t\t\t<div id=\"ngg-image-7\" class=\"ngg-gallery-thumbnail-box \" >\n\t\t\t\t        <div class=\"ngg-gallery-thumbnail\">\n            <a href=\"http:\/\/portalcatolico.net\/portal\/wp-content\/gallery\/formacao-do-apostolado-da-oracao\/DSCN8861.jpg\"\n               title=\"\"\n               data-src=\"http:\/\/portalcatolico.net\/portal\/wp-content\/gallery\/formacao-do-apostolado-da-oracao\/DSCN8861.jpg\"\n               data-thumbnail=\"http:\/\/portalcatolico.net\/portal\/wp-content\/gallery\/formacao-do-apostolado-da-oracao\/thumbs\/thumbs_DSCN8861.jpg\"\n               data-image-id=\"21996\"\n               data-title=\"DSCN8861\"\n               data-description=\"\"\n               data-image-slug=\"dscn8861-4\"\n               class=\"ngg-fancybox\" rel=\"6a84da22326049dac2254f6f5bdc5f27\">\n                <img\n                    title=\"DSCN8861\"\n                    alt=\"DSCN8861\"\n                    src=\"http:\/\/portalcatolico.net\/portal\/wp-content\/gallery\/formacao-do-apostolado-da-oracao\/thumbs\/thumbs_DSCN8861.jpg\"\n                    width=\"240\"\n                    height=\"160\"\n                    style=\"max-width:100%;\"\n                \/>\n            <\/a>\n        <\/div>\n\t\t\t\t\t\t\t<\/div> \n\t\t\t\n\t\t\t\t<div id=\"ngg-image-8\" class=\"ngg-gallery-thumbnail-box \" >\n\t\t\t\t        <div class=\"ngg-gallery-thumbnail\">\n            <a href=\"http:\/\/portalcatolico.net\/portal\/wp-content\/gallery\/formacao-do-apostolado-da-oracao\/DSCN8864.jpg\"\n               title=\"\"\n               data-src=\"http:\/\/portalcatolico.net\/portal\/wp-content\/gallery\/formacao-do-apostolado-da-oracao\/DSCN8864.jpg\"\n               data-thumbnail=\"http:\/\/portalcatolico.net\/portal\/wp-content\/gallery\/formacao-do-apostolado-da-oracao\/thumbs\/thumbs_DSCN8864.jpg\"\n               data-image-id=\"21997\"\n               data-title=\"DSCN8864\"\n               data-description=\"\"\n               data-image-slug=\"dscn8864-6\"\n               class=\"ngg-fancybox\" rel=\"6a84da22326049dac2254f6f5bdc5f27\">\n                <img\n                    title=\"DSCN8864\"\n                    alt=\"DSCN8864\"\n                    src=\"http:\/\/portalcatolico.net\/portal\/wp-content\/gallery\/formacao-do-apostolado-da-oracao\/thumbs\/thumbs_DSCN8864.jpg\"\n                    width=\"240\"\n                    height=\"160\"\n                    style=\"max-width:100%;\"\n                \/>\n            <\/a>\n        <\/div>\n\t\t\t\t\t\t\t<\/div> \n\t\t\t\n\t\n\t<br style=\"clear: both\" \/>\n\n\t\t<div class=\"slideshowlink\">\n        <a href='http:\/\/portalcatolico.net\/portal\/formacao-do-apostolada-da-oracao-em-itabuna\/nggallery\/slideshow'>&#091;Show slideshow&#093;<\/a>\n\t\t\n\t<\/div>\n\t\n\t\t<!-- Pagination -->\n\t<div class='ngg-clear'><\/div>\t<\/div>\n\n","protected":false},"excerpt":{"rendered":"<p>&#8221; order_by=&#8221;sortorder&#8221; order_direction=&#8221;ASC&#8221; returns=&#8221;included&#8221; maximum_entity_count=&#8221;500&#8243;]<\/p>\n","protected":false},"author":2,"featured_media":0,"parent":0,"menu_order":0,"comment_status":"closed","ping_status":"closed","template":"","meta":{"footnotes":""},"class_list":["post-59105","page","type-page","status-publish","hentry"],"_links":{"self":[{"href":"http:\/\/portalcatolico.net\/portal\/wp-json\/wp\/v2\/pages\/59105","targetHints":{"allow":["GET"]}}],"collection":[{"href":"http:\/\/portalcatolico.net\/portal\/wp-json\/wp\/v2\/pages"}],"about":[{"href":"http:\/\/portalcatolico.net\/portal\/wp-json\/wp\/v2\/types\/page"}],"author":[{"embeddable":true,"href":"http:\/\/portalcatolico.net\/portal\/wp-json\/wp\/v2\/users\/2"}],"replies":[{"embeddable":true,"href":"http:\/\/portalcatolico.net\/portal\/wp-json\/wp\/v2\/comments?post=59105"}],"version-history":[{"count":1,"href":"http:\/\/portalcatolico.net\/portal\/wp-json\/wp\/v2\/pages\/59105\/revisions"}],"predecessor-version":[{"id":59126,"href":"http:\/\/portalcatolico.net\/portal\/wp-json\/wp\/v2\/pages\/59105\/revisions\/59126"}],"wp:attachment":[{"href":"http:\/\/portalcatolico.net\/portal\/wp-json\/wp\/v2\/media?parent=59105"}],"curies":[{"name":"wp","href":"https:\/\/api.w.org\/{rel}","templated":true}]}}