{"id":56133,"date":"2018-06-07T23:38:13","date_gmt":"2018-06-08T02:38:13","guid":{"rendered":"http:\/\/portalcatolico.net\/portal\/?page_id=56133"},"modified":"2018-06-07T23:38:13","modified_gmt":"2018-06-08T02:38:13","slug":"novenario-do-sagrado-coracao-de-jesus","status":"publish","type":"page","link":"http:\/\/portalcatolico.net\/portal\/novenario-do-sagrado-coracao-de-jesus\/","title":{"rendered":"Noven\u00e1rio do Sagrado Cora\u00e7\u00e3o de Jesus"},"content":{"rendered":"<div\n\tclass=\"ngg-galleryoverview default-view  ngg-ajax-pagination-none\"\n\tid=\"ngg-gallery-43f8038ff44f0c682408d559bea07898-1\">\n\n\t\t<!-- Thumbnails -->\n\t\t\t\t<div id=\"ngg-image-0\" class=\"ngg-gallery-thumbnail-box \" >\n\t\t\t\t        <div class=\"ngg-gallery-thumbnail\">\n            <a href=\"http:\/\/portalcatolico.net\/portal\/wp-content\/gallery\/festa-do-sagrado-coracao-de-jesus\/1.JPG\"\n               title=\"\"\n               data-src=\"http:\/\/portalcatolico.net\/portal\/wp-content\/gallery\/festa-do-sagrado-coracao-de-jesus\/1.JPG\"\n               data-thumbnail=\"http:\/\/portalcatolico.net\/portal\/wp-content\/gallery\/festa-do-sagrado-coracao-de-jesus\/thumbs\/thumbs_1.JPG\"\n               data-image-id=\"21269\"\n               data-title=\"1\"\n               data-description=\"\"\n               data-image-slug=\"1-9\"\n               class=\"ngg-fancybox\" rel=\"43f8038ff44f0c682408d559bea07898\">\n                <img\n                    title=\"1\"\n                    alt=\"1\"\n                    src=\"http:\/\/portalcatolico.net\/portal\/wp-content\/gallery\/festa-do-sagrado-coracao-de-jesus\/thumbs\/thumbs_1.JPG\"\n                    width=\"240\"\n                    height=\"160\"\n                    style=\"max-width:100%;\"\n                \/>\n            <\/a>\n        <\/div>\n\t\t\t\t\t\t\t<\/div> \n\t\t\t\n\t\t\t\t<div id=\"ngg-image-1\" class=\"ngg-gallery-thumbnail-box \" >\n\t\t\t\t        <div class=\"ngg-gallery-thumbnail\">\n            <a href=\"http:\/\/portalcatolico.net\/portal\/wp-content\/gallery\/festa-do-sagrado-coracao-de-jesus\/2.JPG\"\n               title=\"\"\n               data-src=\"http:\/\/portalcatolico.net\/portal\/wp-content\/gallery\/festa-do-sagrado-coracao-de-jesus\/2.JPG\"\n               data-thumbnail=\"http:\/\/portalcatolico.net\/portal\/wp-content\/gallery\/festa-do-sagrado-coracao-de-jesus\/thumbs\/thumbs_2.JPG\"\n               data-image-id=\"21270\"\n               data-title=\"2\"\n               data-description=\"\"\n               data-image-slug=\"2-11\"\n               class=\"ngg-fancybox\" rel=\"43f8038ff44f0c682408d559bea07898\">\n                <img\n                    title=\"2\"\n                    alt=\"2\"\n                    src=\"http:\/\/portalcatolico.net\/portal\/wp-content\/gallery\/festa-do-sagrado-coracao-de-jesus\/thumbs\/thumbs_2.JPG\"\n                    width=\"240\"\n                    height=\"160\"\n                    style=\"max-width:100%;\"\n                \/>\n            <\/a>\n        <\/div>\n\t\t\t\t\t\t\t<\/div> \n\t\t\t\n\t\t\t\t<div id=\"ngg-image-2\" class=\"ngg-gallery-thumbnail-box \" >\n\t\t\t\t        <div class=\"ngg-gallery-thumbnail\">\n            <a href=\"http:\/\/portalcatolico.net\/portal\/wp-content\/gallery\/festa-do-sagrado-coracao-de-jesus\/3.JPG\"\n               title=\"\"\n               data-src=\"http:\/\/portalcatolico.net\/portal\/wp-content\/gallery\/festa-do-sagrado-coracao-de-jesus\/3.JPG\"\n               data-thumbnail=\"http:\/\/portalcatolico.net\/portal\/wp-content\/gallery\/festa-do-sagrado-coracao-de-jesus\/thumbs\/thumbs_3.JPG\"\n               data-image-id=\"21271\"\n               data-title=\"3\"\n               data-description=\"\"\n               data-image-slug=\"3-11\"\n               class=\"ngg-fancybox\" rel=\"43f8038ff44f0c682408d559bea07898\">\n                <img\n                    title=\"3\"\n                    alt=\"3\"\n                    src=\"http:\/\/portalcatolico.net\/portal\/wp-content\/gallery\/festa-do-sagrado-coracao-de-jesus\/thumbs\/thumbs_3.JPG\"\n                    width=\"240\"\n                    height=\"160\"\n                    style=\"max-width:100%;\"\n                \/>\n            <\/a>\n        <\/div>\n\t\t\t\t\t\t\t<\/div> \n\t\t\t\n\t\t\t\t<div id=\"ngg-image-3\" class=\"ngg-gallery-thumbnail-box \" >\n\t\t\t\t        <div class=\"ngg-gallery-thumbnail\">\n            <a href=\"http:\/\/portalcatolico.net\/portal\/wp-content\/gallery\/festa-do-sagrado-coracao-de-jesus\/4.JPG\"\n               title=\"\"\n               data-src=\"http:\/\/portalcatolico.net\/portal\/wp-content\/gallery\/festa-do-sagrado-coracao-de-jesus\/4.JPG\"\n               data-thumbnail=\"http:\/\/portalcatolico.net\/portal\/wp-content\/gallery\/festa-do-sagrado-coracao-de-jesus\/thumbs\/thumbs_4.JPG\"\n               data-image-id=\"21272\"\n               data-title=\"4\"\n               data-description=\"\"\n               data-image-slug=\"4-13\"\n               class=\"ngg-fancybox\" rel=\"43f8038ff44f0c682408d559bea07898\">\n                <img\n                    title=\"4\"\n                    alt=\"4\"\n                    src=\"http:\/\/portalcatolico.net\/portal\/wp-content\/gallery\/festa-do-sagrado-coracao-de-jesus\/thumbs\/thumbs_4.JPG\"\n                    width=\"240\"\n                    height=\"160\"\n                    style=\"max-width:100%;\"\n                \/>\n            <\/a>\n        <\/div>\n\t\t\t\t\t\t\t<\/div> \n\t\t\t\n\t\t\t\t<div id=\"ngg-image-4\" class=\"ngg-gallery-thumbnail-box \" >\n\t\t\t\t        <div class=\"ngg-gallery-thumbnail\">\n            <a href=\"http:\/\/portalcatolico.net\/portal\/wp-content\/gallery\/festa-do-sagrado-coracao-de-jesus\/5.JPG\"\n               title=\"\"\n               data-src=\"http:\/\/portalcatolico.net\/portal\/wp-content\/gallery\/festa-do-sagrado-coracao-de-jesus\/5.JPG\"\n               data-thumbnail=\"http:\/\/portalcatolico.net\/portal\/wp-content\/gallery\/festa-do-sagrado-coracao-de-jesus\/thumbs\/thumbs_5.JPG\"\n               data-image-id=\"21273\"\n               data-title=\"5\"\n               data-description=\"\"\n               data-image-slug=\"5-17\"\n               class=\"ngg-fancybox\" rel=\"43f8038ff44f0c682408d559bea07898\">\n                <img\n                    title=\"5\"\n                    alt=\"5\"\n                    src=\"http:\/\/portalcatolico.net\/portal\/wp-content\/gallery\/festa-do-sagrado-coracao-de-jesus\/thumbs\/thumbs_5.JPG\"\n                    width=\"240\"\n                    height=\"160\"\n                    style=\"max-width:100%;\"\n                \/>\n            <\/a>\n        <\/div>\n\t\t\t\t\t\t\t<\/div> \n\t\t\t\n\t\t\t\t<div id=\"ngg-image-5\" class=\"ngg-gallery-thumbnail-box \" >\n\t\t\t\t        <div class=\"ngg-gallery-thumbnail\">\n            <a href=\"http:\/\/portalcatolico.net\/portal\/wp-content\/gallery\/festa-do-sagrado-coracao-de-jesus\/6.JPG\"\n               title=\"\"\n               data-src=\"http:\/\/portalcatolico.net\/portal\/wp-content\/gallery\/festa-do-sagrado-coracao-de-jesus\/6.JPG\"\n               data-thumbnail=\"http:\/\/portalcatolico.net\/portal\/wp-content\/gallery\/festa-do-sagrado-coracao-de-jesus\/thumbs\/thumbs_6.JPG\"\n               data-image-id=\"21274\"\n               data-title=\"6\"\n               data-description=\"\"\n               data-image-slug=\"6-17\"\n               class=\"ngg-fancybox\" rel=\"43f8038ff44f0c682408d559bea07898\">\n                <img\n                    title=\"6\"\n                    alt=\"6\"\n                    src=\"http:\/\/portalcatolico.net\/portal\/wp-content\/gallery\/festa-do-sagrado-coracao-de-jesus\/thumbs\/thumbs_6.JPG\"\n                    width=\"240\"\n                    height=\"160\"\n                    style=\"max-width:100%;\"\n                \/>\n            <\/a>\n        <\/div>\n\t\t\t\t\t\t\t<\/div> \n\t\t\t\n\t\t\t\t<div id=\"ngg-image-6\" class=\"ngg-gallery-thumbnail-box \" >\n\t\t\t\t        <div class=\"ngg-gallery-thumbnail\">\n            <a href=\"http:\/\/portalcatolico.net\/portal\/wp-content\/gallery\/festa-do-sagrado-coracao-de-jesus\/7.JPG\"\n               title=\"\"\n               data-src=\"http:\/\/portalcatolico.net\/portal\/wp-content\/gallery\/festa-do-sagrado-coracao-de-jesus\/7.JPG\"\n               data-thumbnail=\"http:\/\/portalcatolico.net\/portal\/wp-content\/gallery\/festa-do-sagrado-coracao-de-jesus\/thumbs\/thumbs_7.JPG\"\n               data-image-id=\"21275\"\n               data-title=\"7\"\n               data-description=\"\"\n               data-image-slug=\"7-15\"\n               class=\"ngg-fancybox\" rel=\"43f8038ff44f0c682408d559bea07898\">\n                <img\n                    title=\"7\"\n                    alt=\"7\"\n                    src=\"http:\/\/portalcatolico.net\/portal\/wp-content\/gallery\/festa-do-sagrado-coracao-de-jesus\/thumbs\/thumbs_7.JPG\"\n                    width=\"240\"\n                    height=\"160\"\n                    style=\"max-width:100%;\"\n                \/>\n            <\/a>\n        <\/div>\n\t\t\t\t\t\t\t<\/div> \n\t\t\t\n\t\t\t\t<div id=\"ngg-image-7\" class=\"ngg-gallery-thumbnail-box \" >\n\t\t\t\t        <div class=\"ngg-gallery-thumbnail\">\n            <a href=\"http:\/\/portalcatolico.net\/portal\/wp-content\/gallery\/festa-do-sagrado-coracao-de-jesus\/8.JPG\"\n               title=\"\"\n               data-src=\"http:\/\/portalcatolico.net\/portal\/wp-content\/gallery\/festa-do-sagrado-coracao-de-jesus\/8.JPG\"\n               data-thumbnail=\"http:\/\/portalcatolico.net\/portal\/wp-content\/gallery\/festa-do-sagrado-coracao-de-jesus\/thumbs\/thumbs_8.JPG\"\n               data-image-id=\"21276\"\n               data-title=\"8\"\n               data-description=\"\"\n               data-image-slug=\"8-21\"\n               class=\"ngg-fancybox\" rel=\"43f8038ff44f0c682408d559bea07898\">\n                <img\n                    title=\"8\"\n                    alt=\"8\"\n                    src=\"http:\/\/portalcatolico.net\/portal\/wp-content\/gallery\/festa-do-sagrado-coracao-de-jesus\/thumbs\/thumbs_8.JPG\"\n                    width=\"240\"\n                    height=\"160\"\n                    style=\"max-width:100%;\"\n                \/>\n            <\/a>\n        <\/div>\n\t\t\t\t\t\t\t<\/div> \n\t\t\t\n\t\t\t\t<div id=\"ngg-image-8\" class=\"ngg-gallery-thumbnail-box \" >\n\t\t\t\t        <div class=\"ngg-gallery-thumbnail\">\n            <a href=\"http:\/\/portalcatolico.net\/portal\/wp-content\/gallery\/festa-do-sagrado-coracao-de-jesus\/9.JPG\"\n               title=\"\"\n               data-src=\"http:\/\/portalcatolico.net\/portal\/wp-content\/gallery\/festa-do-sagrado-coracao-de-jesus\/9.JPG\"\n               data-thumbnail=\"http:\/\/portalcatolico.net\/portal\/wp-content\/gallery\/festa-do-sagrado-coracao-de-jesus\/thumbs\/thumbs_9.JPG\"\n               data-image-id=\"21277\"\n               data-title=\"9\"\n               data-description=\"\"\n               data-image-slug=\"9-10\"\n               class=\"ngg-fancybox\" rel=\"43f8038ff44f0c682408d559bea07898\">\n                <img\n                    title=\"9\"\n                    alt=\"9\"\n                    src=\"http:\/\/portalcatolico.net\/portal\/wp-content\/gallery\/festa-do-sagrado-coracao-de-jesus\/thumbs\/thumbs_9.JPG\"\n                    width=\"240\"\n                    height=\"160\"\n                    style=\"max-width:100%;\"\n                \/>\n            <\/a>\n        <\/div>\n\t\t\t\t\t\t\t<\/div> \n\t\t\t\n\t\t\t\t<div id=\"ngg-image-9\" class=\"ngg-gallery-thumbnail-box \" >\n\t\t\t\t        <div class=\"ngg-gallery-thumbnail\">\n            <a href=\"http:\/\/portalcatolico.net\/portal\/wp-content\/gallery\/festa-do-sagrado-coracao-de-jesus\/10.JPG\"\n               title=\"\"\n               data-src=\"http:\/\/portalcatolico.net\/portal\/wp-content\/gallery\/festa-do-sagrado-coracao-de-jesus\/10.JPG\"\n               data-thumbnail=\"http:\/\/portalcatolico.net\/portal\/wp-content\/gallery\/festa-do-sagrado-coracao-de-jesus\/thumbs\/thumbs_10.JPG\"\n               data-image-id=\"21278\"\n               data-title=\"10\"\n               data-description=\"\"\n               data-image-slug=\"10-16\"\n               class=\"ngg-fancybox\" rel=\"43f8038ff44f0c682408d559bea07898\">\n                <img\n                    title=\"10\"\n                    alt=\"10\"\n                    src=\"http:\/\/portalcatolico.net\/portal\/wp-content\/gallery\/festa-do-sagrado-coracao-de-jesus\/thumbs\/thumbs_10.JPG\"\n                    width=\"240\"\n                    height=\"160\"\n                    style=\"max-width:100%;\"\n                \/>\n            <\/a>\n        <\/div>\n\t\t\t\t\t\t\t<\/div> \n\t\t\t\n\t\t\t\t<div id=\"ngg-image-10\" class=\"ngg-gallery-thumbnail-box \" >\n\t\t\t\t        <div class=\"ngg-gallery-thumbnail\">\n            <a href=\"http:\/\/portalcatolico.net\/portal\/wp-content\/gallery\/festa-do-sagrado-coracao-de-jesus\/11.JPG\"\n               title=\"\"\n               data-src=\"http:\/\/portalcatolico.net\/portal\/wp-content\/gallery\/festa-do-sagrado-coracao-de-jesus\/11.JPG\"\n               data-thumbnail=\"http:\/\/portalcatolico.net\/portal\/wp-content\/gallery\/festa-do-sagrado-coracao-de-jesus\/thumbs\/thumbs_11.JPG\"\n               data-image-id=\"21279\"\n               data-title=\"11\"\n               data-description=\"\"\n               data-image-slug=\"11-10\"\n               class=\"ngg-fancybox\" rel=\"43f8038ff44f0c682408d559bea07898\">\n                <img\n                    title=\"11\"\n                    alt=\"11\"\n                    src=\"http:\/\/portalcatolico.net\/portal\/wp-content\/gallery\/festa-do-sagrado-coracao-de-jesus\/thumbs\/thumbs_11.JPG\"\n                    width=\"240\"\n                    height=\"160\"\n                    style=\"max-width:100%;\"\n                \/>\n            <\/a>\n        <\/div>\n\t\t\t\t\t\t\t<\/div> \n\t\t\t\n\t\t\t\t<div id=\"ngg-image-11\" class=\"ngg-gallery-thumbnail-box \" >\n\t\t\t\t        <div class=\"ngg-gallery-thumbnail\">\n            <a href=\"http:\/\/portalcatolico.net\/portal\/wp-content\/gallery\/festa-do-sagrado-coracao-de-jesus\/12.JPG\"\n               title=\"\"\n               data-src=\"http:\/\/portalcatolico.net\/portal\/wp-content\/gallery\/festa-do-sagrado-coracao-de-jesus\/12.JPG\"\n               data-thumbnail=\"http:\/\/portalcatolico.net\/portal\/wp-content\/gallery\/festa-do-sagrado-coracao-de-jesus\/thumbs\/thumbs_12.JPG\"\n               data-image-id=\"21280\"\n               data-title=\"12\"\n               data-description=\"\"\n               data-image-slug=\"12-10\"\n               class=\"ngg-fancybox\" rel=\"43f8038ff44f0c682408d559bea07898\">\n                <img\n                    title=\"12\"\n                    alt=\"12\"\n                    src=\"http:\/\/portalcatolico.net\/portal\/wp-content\/gallery\/festa-do-sagrado-coracao-de-jesus\/thumbs\/thumbs_12.JPG\"\n                    width=\"240\"\n                    height=\"160\"\n                    style=\"max-width:100%;\"\n                \/>\n            <\/a>\n        <\/div>\n\t\t\t\t\t\t\t<\/div> \n\t\t\t\n\t\t\t\t<div id=\"ngg-image-12\" class=\"ngg-gallery-thumbnail-box \" >\n\t\t\t\t        <div class=\"ngg-gallery-thumbnail\">\n            <a href=\"http:\/\/portalcatolico.net\/portal\/wp-content\/gallery\/festa-do-sagrado-coracao-de-jesus\/13.JPG\"\n               title=\"\"\n               data-src=\"http:\/\/portalcatolico.net\/portal\/wp-content\/gallery\/festa-do-sagrado-coracao-de-jesus\/13.JPG\"\n               data-thumbnail=\"http:\/\/portalcatolico.net\/portal\/wp-content\/gallery\/festa-do-sagrado-coracao-de-jesus\/thumbs\/thumbs_13.JPG\"\n               data-image-id=\"21281\"\n               data-title=\"13\"\n               data-description=\"\"\n               data-image-slug=\"13-10\"\n               class=\"ngg-fancybox\" rel=\"43f8038ff44f0c682408d559bea07898\">\n                <img\n                    title=\"13\"\n                    alt=\"13\"\n                    src=\"http:\/\/portalcatolico.net\/portal\/wp-content\/gallery\/festa-do-sagrado-coracao-de-jesus\/thumbs\/thumbs_13.JPG\"\n                    width=\"240\"\n                    height=\"160\"\n                    style=\"max-width:100%;\"\n                \/>\n            <\/a>\n        <\/div>\n\t\t\t\t\t\t\t<\/div> \n\t\t\t\n\t\t\t\t<div id=\"ngg-image-13\" class=\"ngg-gallery-thumbnail-box \" >\n\t\t\t\t        <div class=\"ngg-gallery-thumbnail\">\n            <a href=\"http:\/\/portalcatolico.net\/portal\/wp-content\/gallery\/festa-do-sagrado-coracao-de-jesus\/14.JPG\"\n               title=\"\"\n               data-src=\"http:\/\/portalcatolico.net\/portal\/wp-content\/gallery\/festa-do-sagrado-coracao-de-jesus\/14.JPG\"\n               data-thumbnail=\"http:\/\/portalcatolico.net\/portal\/wp-content\/gallery\/festa-do-sagrado-coracao-de-jesus\/thumbs\/thumbs_14.JPG\"\n               data-image-id=\"21282\"\n               data-title=\"14\"\n               data-description=\"\"\n               data-image-slug=\"14-10\"\n               class=\"ngg-fancybox\" rel=\"43f8038ff44f0c682408d559bea07898\">\n                <img\n                    title=\"14\"\n                    alt=\"14\"\n                    src=\"http:\/\/portalcatolico.net\/portal\/wp-content\/gallery\/festa-do-sagrado-coracao-de-jesus\/thumbs\/thumbs_14.JPG\"\n                    width=\"240\"\n                    height=\"160\"\n                    style=\"max-width:100%;\"\n                \/>\n            <\/a>\n        <\/div>\n\t\t\t\t\t\t\t<\/div> \n\t\t\t\n\t\t\t\t<div id=\"ngg-image-14\" class=\"ngg-gallery-thumbnail-box \" >\n\t\t\t\t        <div class=\"ngg-gallery-thumbnail\">\n            <a href=\"http:\/\/portalcatolico.net\/portal\/wp-content\/gallery\/festa-do-sagrado-coracao-de-jesus\/15.JPG\"\n               title=\"\"\n               data-src=\"http:\/\/portalcatolico.net\/portal\/wp-content\/gallery\/festa-do-sagrado-coracao-de-jesus\/15.JPG\"\n               data-thumbnail=\"http:\/\/portalcatolico.net\/portal\/wp-content\/gallery\/festa-do-sagrado-coracao-de-jesus\/thumbs\/thumbs_15.JPG\"\n               data-image-id=\"21283\"\n               data-title=\"15\"\n               data-description=\"\"\n               data-image-slug=\"15-10\"\n               class=\"ngg-fancybox\" rel=\"43f8038ff44f0c682408d559bea07898\">\n                <img\n                    title=\"15\"\n                    alt=\"15\"\n                    src=\"http:\/\/portalcatolico.net\/portal\/wp-content\/gallery\/festa-do-sagrado-coracao-de-jesus\/thumbs\/thumbs_15.JPG\"\n                    width=\"240\"\n                    height=\"160\"\n                    style=\"max-width:100%;\"\n                \/>\n            <\/a>\n        <\/div>\n\t\t\t\t\t\t\t<\/div> \n\t\t\t\n\t\t\t\t<div id=\"ngg-image-15\" class=\"ngg-gallery-thumbnail-box \" >\n\t\t\t\t        <div class=\"ngg-gallery-thumbnail\">\n            <a href=\"http:\/\/portalcatolico.net\/portal\/wp-content\/gallery\/festa-do-sagrado-coracao-de-jesus\/16.JPG\"\n               title=\"\"\n               data-src=\"http:\/\/portalcatolico.net\/portal\/wp-content\/gallery\/festa-do-sagrado-coracao-de-jesus\/16.JPG\"\n               data-thumbnail=\"http:\/\/portalcatolico.net\/portal\/wp-content\/gallery\/festa-do-sagrado-coracao-de-jesus\/thumbs\/thumbs_16.JPG\"\n               data-image-id=\"21284\"\n               data-title=\"16\"\n               data-description=\"\"\n               data-image-slug=\"16-10\"\n               class=\"ngg-fancybox\" rel=\"43f8038ff44f0c682408d559bea07898\">\n                <img\n                    title=\"16\"\n                    alt=\"16\"\n                    src=\"http:\/\/portalcatolico.net\/portal\/wp-content\/gallery\/festa-do-sagrado-coracao-de-jesus\/thumbs\/thumbs_16.JPG\"\n                    width=\"240\"\n                    height=\"160\"\n                    style=\"max-width:100%;\"\n                \/>\n            <\/a>\n        <\/div>\n\t\t\t\t\t\t\t<\/div> \n\t\t\t\n\t\t\t\t<div id=\"ngg-image-16\" class=\"ngg-gallery-thumbnail-box \" >\n\t\t\t\t        <div class=\"ngg-gallery-thumbnail\">\n            <a href=\"http:\/\/portalcatolico.net\/portal\/wp-content\/gallery\/festa-do-sagrado-coracao-de-jesus\/17.JPG\"\n               title=\"\"\n               data-src=\"http:\/\/portalcatolico.net\/portal\/wp-content\/gallery\/festa-do-sagrado-coracao-de-jesus\/17.JPG\"\n               data-thumbnail=\"http:\/\/portalcatolico.net\/portal\/wp-content\/gallery\/festa-do-sagrado-coracao-de-jesus\/thumbs\/thumbs_17.JPG\"\n               data-image-id=\"21285\"\n               data-title=\"17\"\n               data-description=\"\"\n               data-image-slug=\"17-10\"\n               class=\"ngg-fancybox\" rel=\"43f8038ff44f0c682408d559bea07898\">\n                <img\n                    title=\"17\"\n                    alt=\"17\"\n                    src=\"http:\/\/portalcatolico.net\/portal\/wp-content\/gallery\/festa-do-sagrado-coracao-de-jesus\/thumbs\/thumbs_17.JPG\"\n                    width=\"240\"\n                    height=\"160\"\n                    style=\"max-width:100%;\"\n                \/>\n            <\/a>\n        <\/div>\n\t\t\t\t\t\t\t<\/div> \n\t\t\t\n\t\t\t\t<div id=\"ngg-image-17\" class=\"ngg-gallery-thumbnail-box \" >\n\t\t\t\t        <div class=\"ngg-gallery-thumbnail\">\n            <a href=\"http:\/\/portalcatolico.net\/portal\/wp-content\/gallery\/festa-do-sagrado-coracao-de-jesus\/18.JPG\"\n               title=\"\"\n               data-src=\"http:\/\/portalcatolico.net\/portal\/wp-content\/gallery\/festa-do-sagrado-coracao-de-jesus\/18.JPG\"\n               data-thumbnail=\"http:\/\/portalcatolico.net\/portal\/wp-content\/gallery\/festa-do-sagrado-coracao-de-jesus\/thumbs\/thumbs_18.JPG\"\n               data-image-id=\"21286\"\n               data-title=\"18\"\n               data-description=\"\"\n               data-image-slug=\"18-9\"\n               class=\"ngg-fancybox\" rel=\"43f8038ff44f0c682408d559bea07898\">\n                <img\n                    title=\"18\"\n                    alt=\"18\"\n                    src=\"http:\/\/portalcatolico.net\/portal\/wp-content\/gallery\/festa-do-sagrado-coracao-de-jesus\/thumbs\/thumbs_18.JPG\"\n                    width=\"240\"\n                    height=\"160\"\n                    style=\"max-width:100%;\"\n                \/>\n            <\/a>\n        <\/div>\n\t\t\t\t\t\t\t<\/div> \n\t\t\t\n\t\t\t\t<div id=\"ngg-image-18\" class=\"ngg-gallery-thumbnail-box \" >\n\t\t\t\t        <div class=\"ngg-gallery-thumbnail\">\n            <a href=\"http:\/\/portalcatolico.net\/portal\/wp-content\/gallery\/festa-do-sagrado-coracao-de-jesus\/19.JPG\"\n               title=\"\"\n               data-src=\"http:\/\/portalcatolico.net\/portal\/wp-content\/gallery\/festa-do-sagrado-coracao-de-jesus\/19.JPG\"\n               data-thumbnail=\"http:\/\/portalcatolico.net\/portal\/wp-content\/gallery\/festa-do-sagrado-coracao-de-jesus\/thumbs\/thumbs_19.JPG\"\n               data-image-id=\"21287\"\n               data-title=\"19\"\n               data-description=\"\"\n               data-image-slug=\"19-9\"\n               class=\"ngg-fancybox\" rel=\"43f8038ff44f0c682408d559bea07898\">\n                <img\n                    title=\"19\"\n                    alt=\"19\"\n                    src=\"http:\/\/portalcatolico.net\/portal\/wp-content\/gallery\/festa-do-sagrado-coracao-de-jesus\/thumbs\/thumbs_19.JPG\"\n                    width=\"240\"\n                    height=\"160\"\n                    style=\"max-width:100%;\"\n                \/>\n            <\/a>\n        <\/div>\n\t\t\t\t\t\t\t<\/div> \n\t\t\t\n\t\t\t\t<div id=\"ngg-image-19\" class=\"ngg-gallery-thumbnail-box \" >\n\t\t\t\t        <div class=\"ngg-gallery-thumbnail\">\n            <a href=\"http:\/\/portalcatolico.net\/portal\/wp-content\/gallery\/festa-do-sagrado-coracao-de-jesus\/20.JPG\"\n               title=\"\"\n               data-src=\"http:\/\/portalcatolico.net\/portal\/wp-content\/gallery\/festa-do-sagrado-coracao-de-jesus\/20.JPG\"\n               data-thumbnail=\"http:\/\/portalcatolico.net\/portal\/wp-content\/gallery\/festa-do-sagrado-coracao-de-jesus\/thumbs\/thumbs_20.JPG\"\n               data-image-id=\"21288\"\n               data-title=\"20\"\n               data-description=\"\"\n               data-image-slug=\"20-8\"\n               class=\"ngg-fancybox\" rel=\"43f8038ff44f0c682408d559bea07898\">\n                <img\n                    title=\"20\"\n                    alt=\"20\"\n                    src=\"http:\/\/portalcatolico.net\/portal\/wp-content\/gallery\/festa-do-sagrado-coracao-de-jesus\/thumbs\/thumbs_20.JPG\"\n                    width=\"240\"\n                    height=\"160\"\n                    style=\"max-width:100%;\"\n                \/>\n            <\/a>\n        <\/div>\n\t\t\t\t\t\t\t<\/div> \n\t\t\t\n\t\n\t<br style=\"clear: both\" \/>\n\n\t\t<div class=\"slideshowlink\">\n        <a href='http:\/\/portalcatolico.net\/portal\/novenario-do-sagrado-coracao-de-jesus\/nggallery\/slideshow'>&#091;Show slideshow&#093;<\/a>\n\t\t\n\t<\/div>\n\t\n\t\t<!-- Pagination -->\n\t<div class='ngg-navigation'><span class=\"current\">1<\/span><a class=\"page-numbers\" data-pageid=\"2\" href=\"http:\/\/portalcatolico.net\/portal\/novenario-do-sagrado-coracao-de-jesus\/nggallery\/page\/2\">2<\/a><a class=\"next\" data-pageid=\"2\" id=\"ngg-next-2\" href=\"http:\/\/portalcatolico.net\/portal\/novenario-do-sagrado-coracao-de-jesus\/nggallery\/page\/2\">&#9658;<\/a><\/div>\t<\/div>\n\n","protected":false},"excerpt":{"rendered":"<p>&#8221; order_by=&#8221;sortorder&#8221; order_direction=&#8221;ASC&#8221; returns=&#8221;included&#8221; maximum_entity_count=&#8221;500&#8243; display_type=&#8221;photocrati-nextgen_basic_thumbnails&#8221;]<\/p>\n","protected":false},"author":2,"featured_media":0,"parent":0,"menu_order":0,"comment_status":"closed","ping_status":"closed","template":"","meta":{"footnotes":""},"class_list":["post-56133","page","type-page","status-publish","hentry"],"_links":{"self":[{"href":"http:\/\/portalcatolico.net\/portal\/wp-json\/wp\/v2\/pages\/56133","targetHints":{"allow":["GET"]}}],"collection":[{"href":"http:\/\/portalcatolico.net\/portal\/wp-json\/wp\/v2\/pages"}],"about":[{"href":"http:\/\/portalcatolico.net\/portal\/wp-json\/wp\/v2\/types\/page"}],"author":[{"embeddable":true,"href":"http:\/\/portalcatolico.net\/portal\/wp-json\/wp\/v2\/users\/2"}],"replies":[{"embeddable":true,"href":"http:\/\/portalcatolico.net\/portal\/wp-json\/wp\/v2\/comments?post=56133"}],"version-history":[{"count":1,"href":"http:\/\/portalcatolico.net\/portal\/wp-json\/wp\/v2\/pages\/56133\/revisions"}],"predecessor-version":[{"id":56202,"href":"http:\/\/portalcatolico.net\/portal\/wp-json\/wp\/v2\/pages\/56133\/revisions\/56202"}],"wp:attachment":[{"href":"http:\/\/portalcatolico.net\/portal\/wp-json\/wp\/v2\/media?parent=56133"}],"curies":[{"name":"wp","href":"https:\/\/api.w.org\/{rel}","templated":true}]}}