{"id":54088,"date":"2018-04-09T18:39:15","date_gmt":"2018-04-09T21:39:15","guid":{"rendered":"http:\/\/portalcatolico.net\/portal\/?page_id=54088"},"modified":"2018-04-09T18:39:15","modified_gmt":"2018-04-09T21:39:15","slug":"irmas-franciscanas-sao-acolhidas-na-paroquia-santa-rita-de-cassia","status":"publish","type":"page","link":"http:\/\/portalcatolico.net\/portal\/irmas-franciscanas-sao-acolhidas-na-paroquia-santa-rita-de-cassia\/","title":{"rendered":"Irm\u00e3s Franciscanas s\u00e3o acolhidas  na Par\u00f3quia Santa Rita de C\u00e1ssia"},"content":{"rendered":"<p><div\n\tclass=\"ngg-galleryoverview ngg-ajax-pagination-none\"\n\tid=\"ngg-gallery-54125-1\">\n\n    \t<div class=\"slideshowlink\">\n        <a href='http:\/\/portalcatolico.net\/portal\/irmas-franciscanas-sao-acolhidas-na-paroquia-santa-rita-de-cassia\/nggallery\/slideshow'>[Show slideshow]<\/a>\n\t\t\n\t<\/div>\n\t\t\t<!-- Thumbnails -->\n\t\t\t\t<div id=\"ngg-image-0\" class=\"ngg-gallery-thumbnail-box\" >\n\t\t\t\t        <div class=\"ngg-gallery-thumbnail\">\n            <a href=\"http:\/\/portalcatolico.net\/portal\/wp-content\/gallery\/irmas-franciscanas-sao-acolhidas-na-paroquia-santa-rita-de-cassia\/1.JPG\"\n               title=\"\"\n               data-src=\"http:\/\/portalcatolico.net\/portal\/wp-content\/gallery\/irmas-franciscanas-sao-acolhidas-na-paroquia-santa-rita-de-cassia\/1.JPG\"\n               data-thumbnail=\"http:\/\/portalcatolico.net\/portal\/wp-content\/gallery\/irmas-franciscanas-sao-acolhidas-na-paroquia-santa-rita-de-cassia\/thumbs\/thumbs_1.JPG\"\n               data-image-id=\"20701\"\n               data-title=\"1\"\n               data-description=\"\"\n               data-image-slug=\"1-3\"\n               class=\"ngg-fancybox\" rel=\"54125\">\n                <img\n                    title=\"1\"\n                    alt=\"1\"\n                    src=\"http:\/\/portalcatolico.net\/portal\/wp-content\/gallery\/irmas-franciscanas-sao-acolhidas-na-paroquia-santa-rita-de-cassia\/thumbs\/thumbs_1.JPG\"\n                    width=\"240\"\n                    height=\"160\"\n                    style=\"max-width:100%;\"\n                \/>\n            <\/a>\n        <\/div>\n\t\t\t\t\t\t\t<\/div> \n\t\t\t\n        \n\t\t\t\t<div id=\"ngg-image-1\" class=\"ngg-gallery-thumbnail-box\" >\n\t\t\t\t        <div class=\"ngg-gallery-thumbnail\">\n            <a href=\"http:\/\/portalcatolico.net\/portal\/wp-content\/gallery\/irmas-franciscanas-sao-acolhidas-na-paroquia-santa-rita-de-cassia\/2.JPG\"\n               title=\"\"\n               data-src=\"http:\/\/portalcatolico.net\/portal\/wp-content\/gallery\/irmas-franciscanas-sao-acolhidas-na-paroquia-santa-rita-de-cassia\/2.JPG\"\n               data-thumbnail=\"http:\/\/portalcatolico.net\/portal\/wp-content\/gallery\/irmas-franciscanas-sao-acolhidas-na-paroquia-santa-rita-de-cassia\/thumbs\/thumbs_2.JPG\"\n               data-image-id=\"20702\"\n               data-title=\"2\"\n               data-description=\"\"\n               data-image-slug=\"2-4\"\n               class=\"ngg-fancybox\" rel=\"54125\">\n                <img\n                    title=\"2\"\n                    alt=\"2\"\n                    src=\"http:\/\/portalcatolico.net\/portal\/wp-content\/gallery\/irmas-franciscanas-sao-acolhidas-na-paroquia-santa-rita-de-cassia\/thumbs\/thumbs_2.JPG\"\n                    width=\"240\"\n                    height=\"160\"\n                    style=\"max-width:100%;\"\n                \/>\n            <\/a>\n        <\/div>\n\t\t\t\t\t\t\t<\/div> \n\t\t\t\n        \n\t\t\t\t<div id=\"ngg-image-2\" class=\"ngg-gallery-thumbnail-box\" >\n\t\t\t\t        <div class=\"ngg-gallery-thumbnail\">\n            <a href=\"http:\/\/portalcatolico.net\/portal\/wp-content\/gallery\/irmas-franciscanas-sao-acolhidas-na-paroquia-santa-rita-de-cassia\/3.JPG\"\n               title=\"\"\n               data-src=\"http:\/\/portalcatolico.net\/portal\/wp-content\/gallery\/irmas-franciscanas-sao-acolhidas-na-paroquia-santa-rita-de-cassia\/3.JPG\"\n               data-thumbnail=\"http:\/\/portalcatolico.net\/portal\/wp-content\/gallery\/irmas-franciscanas-sao-acolhidas-na-paroquia-santa-rita-de-cassia\/thumbs\/thumbs_3.JPG\"\n               data-image-id=\"20703\"\n               data-title=\"3\"\n               data-description=\"\"\n               data-image-slug=\"3-4\"\n               class=\"ngg-fancybox\" rel=\"54125\">\n                <img\n                    title=\"3\"\n                    alt=\"3\"\n                    src=\"http:\/\/portalcatolico.net\/portal\/wp-content\/gallery\/irmas-franciscanas-sao-acolhidas-na-paroquia-santa-rita-de-cassia\/thumbs\/thumbs_3.JPG\"\n                    width=\"240\"\n                    height=\"160\"\n                    style=\"max-width:100%;\"\n                \/>\n            <\/a>\n        <\/div>\n\t\t\t\t\t\t\t<\/div> \n\t\t\t\n        \n\t\t\t\t<div id=\"ngg-image-3\" class=\"ngg-gallery-thumbnail-box\" >\n\t\t\t\t        <div class=\"ngg-gallery-thumbnail\">\n            <a href=\"http:\/\/portalcatolico.net\/portal\/wp-content\/gallery\/irmas-franciscanas-sao-acolhidas-na-paroquia-santa-rita-de-cassia\/4.JPG\"\n               title=\"\"\n               data-src=\"http:\/\/portalcatolico.net\/portal\/wp-content\/gallery\/irmas-franciscanas-sao-acolhidas-na-paroquia-santa-rita-de-cassia\/4.JPG\"\n               data-thumbnail=\"http:\/\/portalcatolico.net\/portal\/wp-content\/gallery\/irmas-franciscanas-sao-acolhidas-na-paroquia-santa-rita-de-cassia\/thumbs\/thumbs_4.JPG\"\n               data-image-id=\"20704\"\n               data-title=\"4\"\n               data-description=\"\"\n               data-image-slug=\"4-4\"\n               class=\"ngg-fancybox\" rel=\"54125\">\n                <img\n                    title=\"4\"\n                    alt=\"4\"\n                    src=\"http:\/\/portalcatolico.net\/portal\/wp-content\/gallery\/irmas-franciscanas-sao-acolhidas-na-paroquia-santa-rita-de-cassia\/thumbs\/thumbs_4.JPG\"\n                    width=\"240\"\n                    height=\"160\"\n                    style=\"max-width:100%;\"\n                \/>\n            <\/a>\n        <\/div>\n\t\t\t\t\t\t\t<\/div> \n\t\t\t\n        \n\t\t\t\t<div id=\"ngg-image-4\" class=\"ngg-gallery-thumbnail-box\" >\n\t\t\t\t        <div class=\"ngg-gallery-thumbnail\">\n            <a href=\"http:\/\/portalcatolico.net\/portal\/wp-content\/gallery\/irmas-franciscanas-sao-acolhidas-na-paroquia-santa-rita-de-cassia\/5.JPG\"\n               title=\"\"\n               data-src=\"http:\/\/portalcatolico.net\/portal\/wp-content\/gallery\/irmas-franciscanas-sao-acolhidas-na-paroquia-santa-rita-de-cassia\/5.JPG\"\n               data-thumbnail=\"http:\/\/portalcatolico.net\/portal\/wp-content\/gallery\/irmas-franciscanas-sao-acolhidas-na-paroquia-santa-rita-de-cassia\/thumbs\/thumbs_5.JPG\"\n               data-image-id=\"20705\"\n               data-title=\"5\"\n               data-description=\"\"\n               data-image-slug=\"5-4\"\n               class=\"ngg-fancybox\" rel=\"54125\">\n                <img\n                    title=\"5\"\n                    alt=\"5\"\n                    src=\"http:\/\/portalcatolico.net\/portal\/wp-content\/gallery\/irmas-franciscanas-sao-acolhidas-na-paroquia-santa-rita-de-cassia\/thumbs\/thumbs_5.JPG\"\n                    width=\"240\"\n                    height=\"160\"\n                    style=\"max-width:100%;\"\n                \/>\n            <\/a>\n        <\/div>\n\t\t\t\t\t\t\t<\/div> \n\t\t\t\n        \n\t\t\t\t<div id=\"ngg-image-5\" class=\"ngg-gallery-thumbnail-box\" >\n\t\t\t\t        <div class=\"ngg-gallery-thumbnail\">\n            <a href=\"http:\/\/portalcatolico.net\/portal\/wp-content\/gallery\/irmas-franciscanas-sao-acolhidas-na-paroquia-santa-rita-de-cassia\/6.JPG\"\n               title=\"\"\n               data-src=\"http:\/\/portalcatolico.net\/portal\/wp-content\/gallery\/irmas-franciscanas-sao-acolhidas-na-paroquia-santa-rita-de-cassia\/6.JPG\"\n               data-thumbnail=\"http:\/\/portalcatolico.net\/portal\/wp-content\/gallery\/irmas-franciscanas-sao-acolhidas-na-paroquia-santa-rita-de-cassia\/thumbs\/thumbs_6.JPG\"\n               data-image-id=\"20706\"\n               data-title=\"6\"\n               data-description=\"\"\n               data-image-slug=\"6-3\"\n               class=\"ngg-fancybox\" rel=\"54125\">\n                <img\n                    title=\"6\"\n                    alt=\"6\"\n                    src=\"http:\/\/portalcatolico.net\/portal\/wp-content\/gallery\/irmas-franciscanas-sao-acolhidas-na-paroquia-santa-rita-de-cassia\/thumbs\/thumbs_6.JPG\"\n                    width=\"240\"\n                    height=\"160\"\n                    style=\"max-width:100%;\"\n                \/>\n            <\/a>\n        <\/div>\n\t\t\t\t\t\t\t<\/div> \n\t\t\t\n        \n\t\t\t\t<div id=\"ngg-image-6\" class=\"ngg-gallery-thumbnail-box\" >\n\t\t\t\t        <div class=\"ngg-gallery-thumbnail\">\n            <a href=\"http:\/\/portalcatolico.net\/portal\/wp-content\/gallery\/irmas-franciscanas-sao-acolhidas-na-paroquia-santa-rita-de-cassia\/7.JPG\"\n               title=\"\"\n               data-src=\"http:\/\/portalcatolico.net\/portal\/wp-content\/gallery\/irmas-franciscanas-sao-acolhidas-na-paroquia-santa-rita-de-cassia\/7.JPG\"\n               data-thumbnail=\"http:\/\/portalcatolico.net\/portal\/wp-content\/gallery\/irmas-franciscanas-sao-acolhidas-na-paroquia-santa-rita-de-cassia\/thumbs\/thumbs_7.JPG\"\n               data-image-id=\"20707\"\n               data-title=\"7\"\n               data-description=\"\"\n               data-image-slug=\"7-3\"\n               class=\"ngg-fancybox\" rel=\"54125\">\n                <img\n                    title=\"7\"\n                    alt=\"7\"\n                    src=\"http:\/\/portalcatolico.net\/portal\/wp-content\/gallery\/irmas-franciscanas-sao-acolhidas-na-paroquia-santa-rita-de-cassia\/thumbs\/thumbs_7.JPG\"\n                    width=\"240\"\n                    height=\"160\"\n                    style=\"max-width:100%;\"\n                \/>\n            <\/a>\n        <\/div>\n\t\t\t\t\t\t\t<\/div> \n\t\t\t\n        \n\t\t\t\t<div id=\"ngg-image-7\" class=\"ngg-gallery-thumbnail-box\" >\n\t\t\t\t        <div class=\"ngg-gallery-thumbnail\">\n            <a href=\"http:\/\/portalcatolico.net\/portal\/wp-content\/gallery\/irmas-franciscanas-sao-acolhidas-na-paroquia-santa-rita-de-cassia\/8.JPG\"\n               title=\"\"\n               data-src=\"http:\/\/portalcatolico.net\/portal\/wp-content\/gallery\/irmas-franciscanas-sao-acolhidas-na-paroquia-santa-rita-de-cassia\/8.JPG\"\n               data-thumbnail=\"http:\/\/portalcatolico.net\/portal\/wp-content\/gallery\/irmas-franciscanas-sao-acolhidas-na-paroquia-santa-rita-de-cassia\/thumbs\/thumbs_8.JPG\"\n               data-image-id=\"20708\"\n               data-title=\"8\"\n               data-description=\"\"\n               data-image-slug=\"8-3\"\n               class=\"ngg-fancybox\" rel=\"54125\">\n                <img\n                    title=\"8\"\n                    alt=\"8\"\n                    src=\"http:\/\/portalcatolico.net\/portal\/wp-content\/gallery\/irmas-franciscanas-sao-acolhidas-na-paroquia-santa-rita-de-cassia\/thumbs\/thumbs_8.JPG\"\n                    width=\"240\"\n                    height=\"160\"\n                    style=\"max-width:100%;\"\n                \/>\n            <\/a>\n        <\/div>\n\t\t\t\t\t\t\t<\/div> \n\t\t\t\n        \n\t\t\t\t<div id=\"ngg-image-8\" class=\"ngg-gallery-thumbnail-box\" >\n\t\t\t\t        <div class=\"ngg-gallery-thumbnail\">\n            <a href=\"http:\/\/portalcatolico.net\/portal\/wp-content\/gallery\/irmas-franciscanas-sao-acolhidas-na-paroquia-santa-rita-de-cassia\/9.JPG\"\n               title=\"\"\n               data-src=\"http:\/\/portalcatolico.net\/portal\/wp-content\/gallery\/irmas-franciscanas-sao-acolhidas-na-paroquia-santa-rita-de-cassia\/9.JPG\"\n               data-thumbnail=\"http:\/\/portalcatolico.net\/portal\/wp-content\/gallery\/irmas-franciscanas-sao-acolhidas-na-paroquia-santa-rita-de-cassia\/thumbs\/thumbs_9.JPG\"\n               data-image-id=\"20709\"\n               data-title=\"9\"\n               data-description=\"\"\n               data-image-slug=\"9-3\"\n               class=\"ngg-fancybox\" rel=\"54125\">\n                <img\n                    title=\"9\"\n                    alt=\"9\"\n                    src=\"http:\/\/portalcatolico.net\/portal\/wp-content\/gallery\/irmas-franciscanas-sao-acolhidas-na-paroquia-santa-rita-de-cassia\/thumbs\/thumbs_9.JPG\"\n                    width=\"240\"\n                    height=\"160\"\n                    style=\"max-width:100%;\"\n                \/>\n            <\/a>\n        <\/div>\n\t\t\t\t\t\t\t<\/div> \n\t\t\t\n        \n\t\t\t\t<div id=\"ngg-image-9\" class=\"ngg-gallery-thumbnail-box\" >\n\t\t\t\t        <div class=\"ngg-gallery-thumbnail\">\n            <a href=\"http:\/\/portalcatolico.net\/portal\/wp-content\/gallery\/irmas-franciscanas-sao-acolhidas-na-paroquia-santa-rita-de-cassia\/10.JPG\"\n               title=\"\"\n               data-src=\"http:\/\/portalcatolico.net\/portal\/wp-content\/gallery\/irmas-franciscanas-sao-acolhidas-na-paroquia-santa-rita-de-cassia\/10.JPG\"\n               data-thumbnail=\"http:\/\/portalcatolico.net\/portal\/wp-content\/gallery\/irmas-franciscanas-sao-acolhidas-na-paroquia-santa-rita-de-cassia\/thumbs\/thumbs_10.JPG\"\n               data-image-id=\"20710\"\n               data-title=\"10\"\n               data-description=\"\"\n               data-image-slug=\"10-3\"\n               class=\"ngg-fancybox\" rel=\"54125\">\n                <img\n                    title=\"10\"\n                    alt=\"10\"\n                    src=\"http:\/\/portalcatolico.net\/portal\/wp-content\/gallery\/irmas-franciscanas-sao-acolhidas-na-paroquia-santa-rita-de-cassia\/thumbs\/thumbs_10.JPG\"\n                    width=\"240\"\n                    height=\"160\"\n                    style=\"max-width:100%;\"\n                \/>\n            <\/a>\n        <\/div>\n\t\t\t\t\t\t\t<\/div> \n\t\t\t\n        \n\t\t\t\t<div id=\"ngg-image-10\" class=\"ngg-gallery-thumbnail-box\" >\n\t\t\t\t        <div class=\"ngg-gallery-thumbnail\">\n            <a href=\"http:\/\/portalcatolico.net\/portal\/wp-content\/gallery\/irmas-franciscanas-sao-acolhidas-na-paroquia-santa-rita-de-cassia\/11.JPG\"\n               title=\"\"\n               data-src=\"http:\/\/portalcatolico.net\/portal\/wp-content\/gallery\/irmas-franciscanas-sao-acolhidas-na-paroquia-santa-rita-de-cassia\/11.JPG\"\n               data-thumbnail=\"http:\/\/portalcatolico.net\/portal\/wp-content\/gallery\/irmas-franciscanas-sao-acolhidas-na-paroquia-santa-rita-de-cassia\/thumbs\/thumbs_11.JPG\"\n               data-image-id=\"20711\"\n               data-title=\"11\"\n               data-description=\"\"\n               data-image-slug=\"11-3\"\n               class=\"ngg-fancybox\" rel=\"54125\">\n                <img\n                    title=\"11\"\n                    alt=\"11\"\n                    src=\"http:\/\/portalcatolico.net\/portal\/wp-content\/gallery\/irmas-franciscanas-sao-acolhidas-na-paroquia-santa-rita-de-cassia\/thumbs\/thumbs_11.JPG\"\n                    width=\"240\"\n                    height=\"160\"\n                    style=\"max-width:100%;\"\n                \/>\n            <\/a>\n        <\/div>\n\t\t\t\t\t\t\t<\/div> \n\t\t\t\n        \n\t\t\t\t<div id=\"ngg-image-11\" class=\"ngg-gallery-thumbnail-box\" >\n\t\t\t\t        <div class=\"ngg-gallery-thumbnail\">\n            <a href=\"http:\/\/portalcatolico.net\/portal\/wp-content\/gallery\/irmas-franciscanas-sao-acolhidas-na-paroquia-santa-rita-de-cassia\/12.JPG\"\n               title=\"\"\n               data-src=\"http:\/\/portalcatolico.net\/portal\/wp-content\/gallery\/irmas-franciscanas-sao-acolhidas-na-paroquia-santa-rita-de-cassia\/12.JPG\"\n               data-thumbnail=\"http:\/\/portalcatolico.net\/portal\/wp-content\/gallery\/irmas-franciscanas-sao-acolhidas-na-paroquia-santa-rita-de-cassia\/thumbs\/thumbs_12.JPG\"\n               data-image-id=\"20712\"\n               data-title=\"12\"\n               data-description=\"\"\n               data-image-slug=\"12-3\"\n               class=\"ngg-fancybox\" rel=\"54125\">\n                <img\n                    title=\"12\"\n                    alt=\"12\"\n                    src=\"http:\/\/portalcatolico.net\/portal\/wp-content\/gallery\/irmas-franciscanas-sao-acolhidas-na-paroquia-santa-rita-de-cassia\/thumbs\/thumbs_12.JPG\"\n                    width=\"240\"\n                    height=\"160\"\n                    style=\"max-width:100%;\"\n                \/>\n            <\/a>\n        <\/div>\n\t\t\t\t\t\t\t<\/div> \n\t\t\t\n        \n\t\t\t\t<div id=\"ngg-image-12\" class=\"ngg-gallery-thumbnail-box\" >\n\t\t\t\t        <div class=\"ngg-gallery-thumbnail\">\n            <a href=\"http:\/\/portalcatolico.net\/portal\/wp-content\/gallery\/irmas-franciscanas-sao-acolhidas-na-paroquia-santa-rita-de-cassia\/13.JPG\"\n               title=\"\"\n               data-src=\"http:\/\/portalcatolico.net\/portal\/wp-content\/gallery\/irmas-franciscanas-sao-acolhidas-na-paroquia-santa-rita-de-cassia\/13.JPG\"\n               data-thumbnail=\"http:\/\/portalcatolico.net\/portal\/wp-content\/gallery\/irmas-franciscanas-sao-acolhidas-na-paroquia-santa-rita-de-cassia\/thumbs\/thumbs_13.JPG\"\n               data-image-id=\"20713\"\n               data-title=\"13\"\n               data-description=\"\"\n               data-image-slug=\"13-3\"\n               class=\"ngg-fancybox\" rel=\"54125\">\n                <img\n                    title=\"13\"\n                    alt=\"13\"\n                    src=\"http:\/\/portalcatolico.net\/portal\/wp-content\/gallery\/irmas-franciscanas-sao-acolhidas-na-paroquia-santa-rita-de-cassia\/thumbs\/thumbs_13.JPG\"\n                    width=\"240\"\n                    height=\"160\"\n                    style=\"max-width:100%;\"\n                \/>\n            <\/a>\n        <\/div>\n\t\t\t\t\t\t\t<\/div> \n\t\t\t\n        \n\t\t\t\t<div id=\"ngg-image-13\" class=\"ngg-gallery-thumbnail-box\" >\n\t\t\t\t        <div class=\"ngg-gallery-thumbnail\">\n            <a href=\"http:\/\/portalcatolico.net\/portal\/wp-content\/gallery\/irmas-franciscanas-sao-acolhidas-na-paroquia-santa-rita-de-cassia\/14.JPG\"\n               title=\"\"\n               data-src=\"http:\/\/portalcatolico.net\/portal\/wp-content\/gallery\/irmas-franciscanas-sao-acolhidas-na-paroquia-santa-rita-de-cassia\/14.JPG\"\n               data-thumbnail=\"http:\/\/portalcatolico.net\/portal\/wp-content\/gallery\/irmas-franciscanas-sao-acolhidas-na-paroquia-santa-rita-de-cassia\/thumbs\/thumbs_14.JPG\"\n               data-image-id=\"20714\"\n               data-title=\"14\"\n               data-description=\"\"\n               data-image-slug=\"14-3\"\n               class=\"ngg-fancybox\" rel=\"54125\">\n                <img\n                    title=\"14\"\n                    alt=\"14\"\n                    src=\"http:\/\/portalcatolico.net\/portal\/wp-content\/gallery\/irmas-franciscanas-sao-acolhidas-na-paroquia-santa-rita-de-cassia\/thumbs\/thumbs_14.JPG\"\n                    width=\"240\"\n                    height=\"160\"\n                    style=\"max-width:100%;\"\n                \/>\n            <\/a>\n        <\/div>\n\t\t\t\t\t\t\t<\/div> \n\t\t\t\n        \n\t\t\t\t<div id=\"ngg-image-14\" class=\"ngg-gallery-thumbnail-box\" >\n\t\t\t\t        <div class=\"ngg-gallery-thumbnail\">\n            <a href=\"http:\/\/portalcatolico.net\/portal\/wp-content\/gallery\/irmas-franciscanas-sao-acolhidas-na-paroquia-santa-rita-de-cassia\/15.JPG\"\n               title=\"\"\n               data-src=\"http:\/\/portalcatolico.net\/portal\/wp-content\/gallery\/irmas-franciscanas-sao-acolhidas-na-paroquia-santa-rita-de-cassia\/15.JPG\"\n               data-thumbnail=\"http:\/\/portalcatolico.net\/portal\/wp-content\/gallery\/irmas-franciscanas-sao-acolhidas-na-paroquia-santa-rita-de-cassia\/thumbs\/thumbs_15.JPG\"\n               data-image-id=\"20715\"\n               data-title=\"15\"\n               data-description=\"\"\n               data-image-slug=\"15-3\"\n               class=\"ngg-fancybox\" rel=\"54125\">\n                <img\n                    title=\"15\"\n                    alt=\"15\"\n                    src=\"http:\/\/portalcatolico.net\/portal\/wp-content\/gallery\/irmas-franciscanas-sao-acolhidas-na-paroquia-santa-rita-de-cassia\/thumbs\/thumbs_15.JPG\"\n                    width=\"240\"\n                    height=\"160\"\n                    style=\"max-width:100%;\"\n                \/>\n            <\/a>\n        <\/div>\n\t\t\t\t\t\t\t<\/div> \n\t\t\t\n        \n\t\t\t\t<div id=\"ngg-image-15\" class=\"ngg-gallery-thumbnail-box\" >\n\t\t\t\t        <div class=\"ngg-gallery-thumbnail\">\n            <a href=\"http:\/\/portalcatolico.net\/portal\/wp-content\/gallery\/irmas-franciscanas-sao-acolhidas-na-paroquia-santa-rita-de-cassia\/16.JPG\"\n               title=\"\"\n               data-src=\"http:\/\/portalcatolico.net\/portal\/wp-content\/gallery\/irmas-franciscanas-sao-acolhidas-na-paroquia-santa-rita-de-cassia\/16.JPG\"\n               data-thumbnail=\"http:\/\/portalcatolico.net\/portal\/wp-content\/gallery\/irmas-franciscanas-sao-acolhidas-na-paroquia-santa-rita-de-cassia\/thumbs\/thumbs_16.JPG\"\n               data-image-id=\"20716\"\n               data-title=\"16\"\n               data-description=\"\"\n               data-image-slug=\"16-3\"\n               class=\"ngg-fancybox\" rel=\"54125\">\n                <img\n                    title=\"16\"\n                    alt=\"16\"\n                    src=\"http:\/\/portalcatolico.net\/portal\/wp-content\/gallery\/irmas-franciscanas-sao-acolhidas-na-paroquia-santa-rita-de-cassia\/thumbs\/thumbs_16.JPG\"\n                    width=\"240\"\n                    height=\"160\"\n                    style=\"max-width:100%;\"\n                \/>\n            <\/a>\n        <\/div>\n\t\t\t\t\t\t\t<\/div> \n\t\t\t\n        \n\t\t\t\t<div id=\"ngg-image-16\" class=\"ngg-gallery-thumbnail-box\" >\n\t\t\t\t        <div class=\"ngg-gallery-thumbnail\">\n            <a href=\"http:\/\/portalcatolico.net\/portal\/wp-content\/gallery\/irmas-franciscanas-sao-acolhidas-na-paroquia-santa-rita-de-cassia\/17.JPG\"\n               title=\"\"\n               data-src=\"http:\/\/portalcatolico.net\/portal\/wp-content\/gallery\/irmas-franciscanas-sao-acolhidas-na-paroquia-santa-rita-de-cassia\/17.JPG\"\n               data-thumbnail=\"http:\/\/portalcatolico.net\/portal\/wp-content\/gallery\/irmas-franciscanas-sao-acolhidas-na-paroquia-santa-rita-de-cassia\/thumbs\/thumbs_17.JPG\"\n               data-image-id=\"20717\"\n               data-title=\"17\"\n               data-description=\"\"\n               data-image-slug=\"17-3\"\n               class=\"ngg-fancybox\" rel=\"54125\">\n                <img\n                    title=\"17\"\n                    alt=\"17\"\n                    src=\"http:\/\/portalcatolico.net\/portal\/wp-content\/gallery\/irmas-franciscanas-sao-acolhidas-na-paroquia-santa-rita-de-cassia\/thumbs\/thumbs_17.JPG\"\n                    width=\"240\"\n                    height=\"160\"\n                    style=\"max-width:100%;\"\n                \/>\n            <\/a>\n        <\/div>\n\t\t\t\t\t\t\t<\/div> \n\t\t\t\n        \n\t\t\n\t\t<!-- Pagination -->\n\t<div class='ngg-clear'><\/div>\t<\/div>\n<\/p>\n","protected":false},"excerpt":{"rendered":"<p>[Show slideshow]<\/p>\n","protected":false},"author":2,"featured_media":0,"parent":0,"menu_order":0,"comment_status":"closed","ping_status":"closed","template":"","meta":{"footnotes":""},"class_list":["post-54088","page","type-page","status-publish","hentry"],"_links":{"self":[{"href":"http:\/\/portalcatolico.net\/portal\/wp-json\/wp\/v2\/pages\/54088","targetHints":{"allow":["GET"]}}],"collection":[{"href":"http:\/\/portalcatolico.net\/portal\/wp-json\/wp\/v2\/pages"}],"about":[{"href":"http:\/\/portalcatolico.net\/portal\/wp-json\/wp\/v2\/types\/page"}],"author":[{"embeddable":true,"href":"http:\/\/portalcatolico.net\/portal\/wp-json\/wp\/v2\/users\/2"}],"replies":[{"embeddable":true,"href":"http:\/\/portalcatolico.net\/portal\/wp-json\/wp\/v2\/comments?post=54088"}],"version-history":[{"count":1,"href":"http:\/\/portalcatolico.net\/portal\/wp-json\/wp\/v2\/pages\/54088\/revisions"}],"predecessor-version":[{"id":54126,"href":"http:\/\/portalcatolico.net\/portal\/wp-json\/wp\/v2\/pages\/54088\/revisions\/54126"}],"wp:attachment":[{"href":"http:\/\/portalcatolico.net\/portal\/wp-json\/wp\/v2\/media?parent=54088"}],"curies":[{"name":"wp","href":"https:\/\/api.w.org\/{rel}","templated":true}]}}