{"id":52480,"date":"2018-03-12T21:49:59","date_gmt":"2018-03-13T00:49:59","guid":{"rendered":"http:\/\/portalcatolico.net\/portal\/?page_id=52480"},"modified":"2018-03-12T21:49:59","modified_gmt":"2018-03-13T00:49:59","slug":"1a-e-2a-noite-do-novenario-e-festa-de-sao-jose-em-itabuna","status":"publish","type":"page","link":"http:\/\/portalcatolico.net\/portal\/1a-e-2a-noite-do-novenario-e-festa-de-sao-jose-em-itabuna\/","title":{"rendered":"1\u00aa e 2\u00aa NOITE DO NOVEN\u00c1RIO E FESTA DE S\u00c3O JOS\u00c9 EM ITABUNA"},"content":{"rendered":"<p><div\n\tclass=\"ngg-galleryoverview ngg-ajax-pagination-none\"\n\tid=\"ngg-gallery-52581-1\">\n\n    \t<div class=\"slideshowlink\">\n        <a href='http:\/\/portalcatolico.net\/portal\/1a-e-2a-noite-do-novenario-e-festa-de-sao-jose-em-itabuna\/nggallery\/slideshow'>[Show slideshow]<\/a>\n\t\t\n\t<\/div>\n\t\t\t<!-- Thumbnails -->\n\t\t\t\t<div id=\"ngg-image-0\" class=\"ngg-gallery-thumbnail-box\" >\n\t\t\t\t        <div class=\"ngg-gallery-thumbnail\">\n            <a href=\"http:\/\/portalcatolico.net\/portal\/wp-content\/gallery\/1a-e-2a-noite-da-festa-sao-jose\/DSCN0086.JPG\"\n               title=\"\"\n               data-src=\"http:\/\/portalcatolico.net\/portal\/wp-content\/gallery\/1a-e-2a-noite-da-festa-sao-jose\/DSCN0086.JPG\"\n               data-thumbnail=\"http:\/\/portalcatolico.net\/portal\/wp-content\/gallery\/1a-e-2a-noite-da-festa-sao-jose\/thumbs\/thumbs_DSCN0086.JPG\"\n               data-image-id=\"20153\"\n               data-title=\"DSCN0086\"\n               data-description=\"\"\n               data-image-slug=\"dscn0086-9\"\n               class=\"ngg-fancybox\" rel=\"52581\">\n                <img\n                    title=\"DSCN0086\"\n                    alt=\"DSCN0086\"\n                    src=\"http:\/\/portalcatolico.net\/portal\/wp-content\/gallery\/1a-e-2a-noite-da-festa-sao-jose\/thumbs\/thumbs_DSCN0086.JPG\"\n                    width=\"240\"\n                    height=\"160\"\n                    style=\"max-width:100%;\"\n                \/>\n            <\/a>\n        <\/div>\n\t\t\t\t\t\t\t<\/div> \n\t\t\t\n        \n\t\t\t\t<div id=\"ngg-image-1\" class=\"ngg-gallery-thumbnail-box\" >\n\t\t\t\t        <div class=\"ngg-gallery-thumbnail\">\n            <a href=\"http:\/\/portalcatolico.net\/portal\/wp-content\/gallery\/1a-e-2a-noite-da-festa-sao-jose\/DSCN0087.JPG\"\n               title=\"\"\n               data-src=\"http:\/\/portalcatolico.net\/portal\/wp-content\/gallery\/1a-e-2a-noite-da-festa-sao-jose\/DSCN0087.JPG\"\n               data-thumbnail=\"http:\/\/portalcatolico.net\/portal\/wp-content\/gallery\/1a-e-2a-noite-da-festa-sao-jose\/thumbs\/thumbs_DSCN0087.JPG\"\n               data-image-id=\"20154\"\n               data-title=\"DSCN0087\"\n               data-description=\"\"\n               data-image-slug=\"dscn0087-9\"\n               class=\"ngg-fancybox\" rel=\"52581\">\n                <img\n                    title=\"DSCN0087\"\n                    alt=\"DSCN0087\"\n                    src=\"http:\/\/portalcatolico.net\/portal\/wp-content\/gallery\/1a-e-2a-noite-da-festa-sao-jose\/thumbs\/thumbs_DSCN0087.JPG\"\n                    width=\"240\"\n                    height=\"160\"\n                    style=\"max-width:100%;\"\n                \/>\n            <\/a>\n        <\/div>\n\t\t\t\t\t\t\t<\/div> \n\t\t\t\n        \n\t\t\t\t<div id=\"ngg-image-2\" class=\"ngg-gallery-thumbnail-box\" >\n\t\t\t\t        <div class=\"ngg-gallery-thumbnail\">\n            <a href=\"http:\/\/portalcatolico.net\/portal\/wp-content\/gallery\/1a-e-2a-noite-da-festa-sao-jose\/DSCN0090.JPG\"\n               title=\"\"\n               data-src=\"http:\/\/portalcatolico.net\/portal\/wp-content\/gallery\/1a-e-2a-noite-da-festa-sao-jose\/DSCN0090.JPG\"\n               data-thumbnail=\"http:\/\/portalcatolico.net\/portal\/wp-content\/gallery\/1a-e-2a-noite-da-festa-sao-jose\/thumbs\/thumbs_DSCN0090.JPG\"\n               data-image-id=\"20155\"\n               data-title=\"DSCN0090\"\n               data-description=\"\"\n               data-image-slug=\"dscn0090-5\"\n               class=\"ngg-fancybox\" rel=\"52581\">\n                <img\n                    title=\"DSCN0090\"\n                    alt=\"DSCN0090\"\n                    src=\"http:\/\/portalcatolico.net\/portal\/wp-content\/gallery\/1a-e-2a-noite-da-festa-sao-jose\/thumbs\/thumbs_DSCN0090.JPG\"\n                    width=\"240\"\n                    height=\"160\"\n                    style=\"max-width:100%;\"\n                \/>\n            <\/a>\n        <\/div>\n\t\t\t\t\t\t\t<\/div> \n\t\t\t\n        \n\t\t\t\t<div id=\"ngg-image-3\" class=\"ngg-gallery-thumbnail-box\" >\n\t\t\t\t        <div class=\"ngg-gallery-thumbnail\">\n            <a href=\"http:\/\/portalcatolico.net\/portal\/wp-content\/gallery\/1a-e-2a-noite-da-festa-sao-jose\/DSCN0093.JPG\"\n               title=\"\"\n               data-src=\"http:\/\/portalcatolico.net\/portal\/wp-content\/gallery\/1a-e-2a-noite-da-festa-sao-jose\/DSCN0093.JPG\"\n               data-thumbnail=\"http:\/\/portalcatolico.net\/portal\/wp-content\/gallery\/1a-e-2a-noite-da-festa-sao-jose\/thumbs\/thumbs_DSCN0093.JPG\"\n               data-image-id=\"20156\"\n               data-title=\"DSCN0093\"\n               data-description=\"\"\n               data-image-slug=\"dscn0093-8\"\n               class=\"ngg-fancybox\" rel=\"52581\">\n                <img\n                    title=\"DSCN0093\"\n                    alt=\"DSCN0093\"\n                    src=\"http:\/\/portalcatolico.net\/portal\/wp-content\/gallery\/1a-e-2a-noite-da-festa-sao-jose\/thumbs\/thumbs_DSCN0093.JPG\"\n                    width=\"240\"\n                    height=\"160\"\n                    style=\"max-width:100%;\"\n                \/>\n            <\/a>\n        <\/div>\n\t\t\t\t\t\t\t<\/div> \n\t\t\t\n        \n\t\t\t\t<div id=\"ngg-image-4\" class=\"ngg-gallery-thumbnail-box\" >\n\t\t\t\t        <div class=\"ngg-gallery-thumbnail\">\n            <a href=\"http:\/\/portalcatolico.net\/portal\/wp-content\/gallery\/1a-e-2a-noite-da-festa-sao-jose\/DSCN0094.JPG\"\n               title=\"\"\n               data-src=\"http:\/\/portalcatolico.net\/portal\/wp-content\/gallery\/1a-e-2a-noite-da-festa-sao-jose\/DSCN0094.JPG\"\n               data-thumbnail=\"http:\/\/portalcatolico.net\/portal\/wp-content\/gallery\/1a-e-2a-noite-da-festa-sao-jose\/thumbs\/thumbs_DSCN0094.JPG\"\n               data-image-id=\"20157\"\n               data-title=\"DSCN0094\"\n               data-description=\"\"\n               data-image-slug=\"dscn0094-7\"\n               class=\"ngg-fancybox\" rel=\"52581\">\n                <img\n                    title=\"DSCN0094\"\n                    alt=\"DSCN0094\"\n                    src=\"http:\/\/portalcatolico.net\/portal\/wp-content\/gallery\/1a-e-2a-noite-da-festa-sao-jose\/thumbs\/thumbs_DSCN0094.JPG\"\n                    width=\"240\"\n                    height=\"160\"\n                    style=\"max-width:100%;\"\n                \/>\n            <\/a>\n        <\/div>\n\t\t\t\t\t\t\t<\/div> \n\t\t\t\n        \n\t\t\t\t<div id=\"ngg-image-5\" class=\"ngg-gallery-thumbnail-box\" >\n\t\t\t\t        <div class=\"ngg-gallery-thumbnail\">\n            <a href=\"http:\/\/portalcatolico.net\/portal\/wp-content\/gallery\/1a-e-2a-noite-da-festa-sao-jose\/DSCN0096.JPG\"\n               title=\"\"\n               data-src=\"http:\/\/portalcatolico.net\/portal\/wp-content\/gallery\/1a-e-2a-noite-da-festa-sao-jose\/DSCN0096.JPG\"\n               data-thumbnail=\"http:\/\/portalcatolico.net\/portal\/wp-content\/gallery\/1a-e-2a-noite-da-festa-sao-jose\/thumbs\/thumbs_DSCN0096.JPG\"\n               data-image-id=\"20158\"\n               data-title=\"DSCN0096\"\n               data-description=\"\"\n               data-image-slug=\"dscn0096-5\"\n               class=\"ngg-fancybox\" rel=\"52581\">\n                <img\n                    title=\"DSCN0096\"\n                    alt=\"DSCN0096\"\n                    src=\"http:\/\/portalcatolico.net\/portal\/wp-content\/gallery\/1a-e-2a-noite-da-festa-sao-jose\/thumbs\/thumbs_DSCN0096.JPG\"\n                    width=\"240\"\n                    height=\"160\"\n                    style=\"max-width:100%;\"\n                \/>\n            <\/a>\n        <\/div>\n\t\t\t\t\t\t\t<\/div> \n\t\t\t\n        \n\t\t\t\t<div id=\"ngg-image-6\" class=\"ngg-gallery-thumbnail-box\" >\n\t\t\t\t        <div class=\"ngg-gallery-thumbnail\">\n            <a href=\"http:\/\/portalcatolico.net\/portal\/wp-content\/gallery\/1a-e-2a-noite-da-festa-sao-jose\/DSCN0097.JPG\"\n               title=\"\"\n               data-src=\"http:\/\/portalcatolico.net\/portal\/wp-content\/gallery\/1a-e-2a-noite-da-festa-sao-jose\/DSCN0097.JPG\"\n               data-thumbnail=\"http:\/\/portalcatolico.net\/portal\/wp-content\/gallery\/1a-e-2a-noite-da-festa-sao-jose\/thumbs\/thumbs_DSCN0097.JPG\"\n               data-image-id=\"20159\"\n               data-title=\"DSCN0097\"\n               data-description=\"\"\n               data-image-slug=\"dscn0097-5\"\n               class=\"ngg-fancybox\" rel=\"52581\">\n                <img\n                    title=\"DSCN0097\"\n                    alt=\"DSCN0097\"\n                    src=\"http:\/\/portalcatolico.net\/portal\/wp-content\/gallery\/1a-e-2a-noite-da-festa-sao-jose\/thumbs\/thumbs_DSCN0097.JPG\"\n                    width=\"240\"\n                    height=\"160\"\n                    style=\"max-width:100%;\"\n                \/>\n            <\/a>\n        <\/div>\n\t\t\t\t\t\t\t<\/div> \n\t\t\t\n        \n\t\t\t\t<div id=\"ngg-image-7\" class=\"ngg-gallery-thumbnail-box\" >\n\t\t\t\t        <div class=\"ngg-gallery-thumbnail\">\n            <a href=\"http:\/\/portalcatolico.net\/portal\/wp-content\/gallery\/1a-e-2a-noite-da-festa-sao-jose\/DSCN0100.JPG\"\n               title=\"\"\n               data-src=\"http:\/\/portalcatolico.net\/portal\/wp-content\/gallery\/1a-e-2a-noite-da-festa-sao-jose\/DSCN0100.JPG\"\n               data-thumbnail=\"http:\/\/portalcatolico.net\/portal\/wp-content\/gallery\/1a-e-2a-noite-da-festa-sao-jose\/thumbs\/thumbs_DSCN0100.JPG\"\n               data-image-id=\"20160\"\n               data-title=\"DSCN0100\"\n               data-description=\"\"\n               data-image-slug=\"dscn0100-7\"\n               class=\"ngg-fancybox\" rel=\"52581\">\n                <img\n                    title=\"DSCN0100\"\n                    alt=\"DSCN0100\"\n                    src=\"http:\/\/portalcatolico.net\/portal\/wp-content\/gallery\/1a-e-2a-noite-da-festa-sao-jose\/thumbs\/thumbs_DSCN0100.JPG\"\n                    width=\"240\"\n                    height=\"160\"\n                    style=\"max-width:100%;\"\n                \/>\n            <\/a>\n        <\/div>\n\t\t\t\t\t\t\t<\/div> \n\t\t\t\n        \n\t\t\t\t<div id=\"ngg-image-8\" class=\"ngg-gallery-thumbnail-box\" >\n\t\t\t\t        <div class=\"ngg-gallery-thumbnail\">\n            <a href=\"http:\/\/portalcatolico.net\/portal\/wp-content\/gallery\/1a-e-2a-noite-da-festa-sao-jose\/DSCN0101.JPG\"\n               title=\"\"\n               data-src=\"http:\/\/portalcatolico.net\/portal\/wp-content\/gallery\/1a-e-2a-noite-da-festa-sao-jose\/DSCN0101.JPG\"\n               data-thumbnail=\"http:\/\/portalcatolico.net\/portal\/wp-content\/gallery\/1a-e-2a-noite-da-festa-sao-jose\/thumbs\/thumbs_DSCN0101.JPG\"\n               data-image-id=\"20161\"\n               data-title=\"DSCN0101\"\n               data-description=\"\"\n               data-image-slug=\"dscn0101-8\"\n               class=\"ngg-fancybox\" rel=\"52581\">\n                <img\n                    title=\"DSCN0101\"\n                    alt=\"DSCN0101\"\n                    src=\"http:\/\/portalcatolico.net\/portal\/wp-content\/gallery\/1a-e-2a-noite-da-festa-sao-jose\/thumbs\/thumbs_DSCN0101.JPG\"\n                    width=\"240\"\n                    height=\"160\"\n                    style=\"max-width:100%;\"\n                \/>\n            <\/a>\n        <\/div>\n\t\t\t\t\t\t\t<\/div> \n\t\t\t\n        \n\t\t\t\t<div id=\"ngg-image-9\" class=\"ngg-gallery-thumbnail-box\" >\n\t\t\t\t        <div class=\"ngg-gallery-thumbnail\">\n            <a href=\"http:\/\/portalcatolico.net\/portal\/wp-content\/gallery\/1a-e-2a-noite-da-festa-sao-jose\/DSCN0102.JPG\"\n               title=\"\"\n               data-src=\"http:\/\/portalcatolico.net\/portal\/wp-content\/gallery\/1a-e-2a-noite-da-festa-sao-jose\/DSCN0102.JPG\"\n               data-thumbnail=\"http:\/\/portalcatolico.net\/portal\/wp-content\/gallery\/1a-e-2a-noite-da-festa-sao-jose\/thumbs\/thumbs_DSCN0102.JPG\"\n               data-image-id=\"20162\"\n               data-title=\"DSCN0102\"\n               data-description=\"\"\n               data-image-slug=\"dscn0102-4\"\n               class=\"ngg-fancybox\" rel=\"52581\">\n                <img\n                    title=\"DSCN0102\"\n                    alt=\"DSCN0102\"\n                    src=\"http:\/\/portalcatolico.net\/portal\/wp-content\/gallery\/1a-e-2a-noite-da-festa-sao-jose\/thumbs\/thumbs_DSCN0102.JPG\"\n                    width=\"240\"\n                    height=\"160\"\n                    style=\"max-width:100%;\"\n                \/>\n            <\/a>\n        <\/div>\n\t\t\t\t\t\t\t<\/div> \n\t\t\t\n        \n\t\t\t\t<div id=\"ngg-image-10\" class=\"ngg-gallery-thumbnail-box\" >\n\t\t\t\t        <div class=\"ngg-gallery-thumbnail\">\n            <a href=\"http:\/\/portalcatolico.net\/portal\/wp-content\/gallery\/1a-e-2a-noite-da-festa-sao-jose\/DSCN0103.JPG\"\n               title=\"\"\n               data-src=\"http:\/\/portalcatolico.net\/portal\/wp-content\/gallery\/1a-e-2a-noite-da-festa-sao-jose\/DSCN0103.JPG\"\n               data-thumbnail=\"http:\/\/portalcatolico.net\/portal\/wp-content\/gallery\/1a-e-2a-noite-da-festa-sao-jose\/thumbs\/thumbs_DSCN0103.JPG\"\n               data-image-id=\"20163\"\n               data-title=\"DSCN0103\"\n               data-description=\"\"\n               data-image-slug=\"dscn0103-9\"\n               class=\"ngg-fancybox\" rel=\"52581\">\n                <img\n                    title=\"DSCN0103\"\n                    alt=\"DSCN0103\"\n                    src=\"http:\/\/portalcatolico.net\/portal\/wp-content\/gallery\/1a-e-2a-noite-da-festa-sao-jose\/thumbs\/thumbs_DSCN0103.JPG\"\n                    width=\"240\"\n                    height=\"160\"\n                    style=\"max-width:100%;\"\n                \/>\n            <\/a>\n        <\/div>\n\t\t\t\t\t\t\t<\/div> \n\t\t\t\n        \n\t\t\t\t<div id=\"ngg-image-11\" class=\"ngg-gallery-thumbnail-box\" >\n\t\t\t\t        <div class=\"ngg-gallery-thumbnail\">\n            <a href=\"http:\/\/portalcatolico.net\/portal\/wp-content\/gallery\/1a-e-2a-noite-da-festa-sao-jose\/DSCN0104.JPG\"\n               title=\"\"\n               data-src=\"http:\/\/portalcatolico.net\/portal\/wp-content\/gallery\/1a-e-2a-noite-da-festa-sao-jose\/DSCN0104.JPG\"\n               data-thumbnail=\"http:\/\/portalcatolico.net\/portal\/wp-content\/gallery\/1a-e-2a-noite-da-festa-sao-jose\/thumbs\/thumbs_DSCN0104.JPG\"\n               data-image-id=\"20164\"\n               data-title=\"DSCN0104\"\n               data-description=\"\"\n               data-image-slug=\"dscn0104-5\"\n               class=\"ngg-fancybox\" rel=\"52581\">\n                <img\n                    title=\"DSCN0104\"\n                    alt=\"DSCN0104\"\n                    src=\"http:\/\/portalcatolico.net\/portal\/wp-content\/gallery\/1a-e-2a-noite-da-festa-sao-jose\/thumbs\/thumbs_DSCN0104.JPG\"\n                    width=\"240\"\n                    height=\"160\"\n                    style=\"max-width:100%;\"\n                \/>\n            <\/a>\n        <\/div>\n\t\t\t\t\t\t\t<\/div> \n\t\t\t\n        \n\t\t\t\t<div id=\"ngg-image-12\" class=\"ngg-gallery-thumbnail-box\" >\n\t\t\t\t        <div class=\"ngg-gallery-thumbnail\">\n            <a href=\"http:\/\/portalcatolico.net\/portal\/wp-content\/gallery\/1a-e-2a-noite-da-festa-sao-jose\/DSCN0107.JPG\"\n               title=\"\"\n               data-src=\"http:\/\/portalcatolico.net\/portal\/wp-content\/gallery\/1a-e-2a-noite-da-festa-sao-jose\/DSCN0107.JPG\"\n               data-thumbnail=\"http:\/\/portalcatolico.net\/portal\/wp-content\/gallery\/1a-e-2a-noite-da-festa-sao-jose\/thumbs\/thumbs_DSCN0107.JPG\"\n               data-image-id=\"20165\"\n               data-title=\"DSCN0107\"\n               data-description=\"\"\n               data-image-slug=\"dscn0107-6\"\n               class=\"ngg-fancybox\" rel=\"52581\">\n                <img\n                    title=\"DSCN0107\"\n                    alt=\"DSCN0107\"\n                    src=\"http:\/\/portalcatolico.net\/portal\/wp-content\/gallery\/1a-e-2a-noite-da-festa-sao-jose\/thumbs\/thumbs_DSCN0107.JPG\"\n                    width=\"240\"\n                    height=\"160\"\n                    style=\"max-width:100%;\"\n                \/>\n            <\/a>\n        <\/div>\n\t\t\t\t\t\t\t<\/div> \n\t\t\t\n        \n\t\t\t\t<div id=\"ngg-image-13\" class=\"ngg-gallery-thumbnail-box\" >\n\t\t\t\t        <div class=\"ngg-gallery-thumbnail\">\n            <a href=\"http:\/\/portalcatolico.net\/portal\/wp-content\/gallery\/1a-e-2a-noite-da-festa-sao-jose\/DSCN0108.JPG\"\n               title=\"\"\n               data-src=\"http:\/\/portalcatolico.net\/portal\/wp-content\/gallery\/1a-e-2a-noite-da-festa-sao-jose\/DSCN0108.JPG\"\n               data-thumbnail=\"http:\/\/portalcatolico.net\/portal\/wp-content\/gallery\/1a-e-2a-noite-da-festa-sao-jose\/thumbs\/thumbs_DSCN0108.JPG\"\n               data-image-id=\"20166\"\n               data-title=\"DSCN0108\"\n               data-description=\"\"\n               data-image-slug=\"dscn0108-8\"\n               class=\"ngg-fancybox\" rel=\"52581\">\n                <img\n                    title=\"DSCN0108\"\n                    alt=\"DSCN0108\"\n                    src=\"http:\/\/portalcatolico.net\/portal\/wp-content\/gallery\/1a-e-2a-noite-da-festa-sao-jose\/thumbs\/thumbs_DSCN0108.JPG\"\n                    width=\"240\"\n                    height=\"160\"\n                    style=\"max-width:100%;\"\n                \/>\n            <\/a>\n        <\/div>\n\t\t\t\t\t\t\t<\/div> \n\t\t\t\n        \n\t\t\t\t<div id=\"ngg-image-14\" class=\"ngg-gallery-thumbnail-box\" >\n\t\t\t\t        <div class=\"ngg-gallery-thumbnail\">\n            <a href=\"http:\/\/portalcatolico.net\/portal\/wp-content\/gallery\/1a-e-2a-noite-da-festa-sao-jose\/DSCN0110.JPG\"\n               title=\"\"\n               data-src=\"http:\/\/portalcatolico.net\/portal\/wp-content\/gallery\/1a-e-2a-noite-da-festa-sao-jose\/DSCN0110.JPG\"\n               data-thumbnail=\"http:\/\/portalcatolico.net\/portal\/wp-content\/gallery\/1a-e-2a-noite-da-festa-sao-jose\/thumbs\/thumbs_DSCN0110.JPG\"\n               data-image-id=\"20167\"\n               data-title=\"DSCN0110\"\n               data-description=\"\"\n               data-image-slug=\"dscn0110-8\"\n               class=\"ngg-fancybox\" rel=\"52581\">\n                <img\n                    title=\"DSCN0110\"\n                    alt=\"DSCN0110\"\n                    src=\"http:\/\/portalcatolico.net\/portal\/wp-content\/gallery\/1a-e-2a-noite-da-festa-sao-jose\/thumbs\/thumbs_DSCN0110.JPG\"\n                    width=\"240\"\n                    height=\"160\"\n                    style=\"max-width:100%;\"\n                \/>\n            <\/a>\n        <\/div>\n\t\t\t\t\t\t\t<\/div> \n\t\t\t\n        \n\t\t\t\t<div id=\"ngg-image-15\" class=\"ngg-gallery-thumbnail-box\" >\n\t\t\t\t        <div class=\"ngg-gallery-thumbnail\">\n            <a href=\"http:\/\/portalcatolico.net\/portal\/wp-content\/gallery\/1a-e-2a-noite-da-festa-sao-jose\/DSCN0111.JPG\"\n               title=\"\"\n               data-src=\"http:\/\/portalcatolico.net\/portal\/wp-content\/gallery\/1a-e-2a-noite-da-festa-sao-jose\/DSCN0111.JPG\"\n               data-thumbnail=\"http:\/\/portalcatolico.net\/portal\/wp-content\/gallery\/1a-e-2a-noite-da-festa-sao-jose\/thumbs\/thumbs_DSCN0111.JPG\"\n               data-image-id=\"20168\"\n               data-title=\"DSCN0111\"\n               data-description=\"\"\n               data-image-slug=\"dscn0111-7\"\n               class=\"ngg-fancybox\" rel=\"52581\">\n                <img\n                    title=\"DSCN0111\"\n                    alt=\"DSCN0111\"\n                    src=\"http:\/\/portalcatolico.net\/portal\/wp-content\/gallery\/1a-e-2a-noite-da-festa-sao-jose\/thumbs\/thumbs_DSCN0111.JPG\"\n                    width=\"240\"\n                    height=\"160\"\n                    style=\"max-width:100%;\"\n                \/>\n            <\/a>\n        <\/div>\n\t\t\t\t\t\t\t<\/div> \n\t\t\t\n        \n\t\t\t\t<div id=\"ngg-image-16\" class=\"ngg-gallery-thumbnail-box\" >\n\t\t\t\t        <div class=\"ngg-gallery-thumbnail\">\n            <a href=\"http:\/\/portalcatolico.net\/portal\/wp-content\/gallery\/1a-e-2a-noite-da-festa-sao-jose\/DSCN0113.JPG\"\n               title=\"\"\n               data-src=\"http:\/\/portalcatolico.net\/portal\/wp-content\/gallery\/1a-e-2a-noite-da-festa-sao-jose\/DSCN0113.JPG\"\n               data-thumbnail=\"http:\/\/portalcatolico.net\/portal\/wp-content\/gallery\/1a-e-2a-noite-da-festa-sao-jose\/thumbs\/thumbs_DSCN0113.JPG\"\n               data-image-id=\"20169\"\n               data-title=\"DSCN0113\"\n               data-description=\"\"\n               data-image-slug=\"dscn0113-8\"\n               class=\"ngg-fancybox\" rel=\"52581\">\n                <img\n                    title=\"DSCN0113\"\n                    alt=\"DSCN0113\"\n                    src=\"http:\/\/portalcatolico.net\/portal\/wp-content\/gallery\/1a-e-2a-noite-da-festa-sao-jose\/thumbs\/thumbs_DSCN0113.JPG\"\n                    width=\"240\"\n                    height=\"160\"\n                    style=\"max-width:100%;\"\n                \/>\n            <\/a>\n        <\/div>\n\t\t\t\t\t\t\t<\/div> \n\t\t\t\n        \n\t\t\t\t<div id=\"ngg-image-17\" class=\"ngg-gallery-thumbnail-box\" >\n\t\t\t\t        <div class=\"ngg-gallery-thumbnail\">\n            <a href=\"http:\/\/portalcatolico.net\/portal\/wp-content\/gallery\/1a-e-2a-noite-da-festa-sao-jose\/DSCN0115.JPG\"\n               title=\"\"\n               data-src=\"http:\/\/portalcatolico.net\/portal\/wp-content\/gallery\/1a-e-2a-noite-da-festa-sao-jose\/DSCN0115.JPG\"\n               data-thumbnail=\"http:\/\/portalcatolico.net\/portal\/wp-content\/gallery\/1a-e-2a-noite-da-festa-sao-jose\/thumbs\/thumbs_DSCN0115.JPG\"\n               data-image-id=\"20170\"\n               data-title=\"DSCN0115\"\n               data-description=\"\"\n               data-image-slug=\"dscn0115-6\"\n               class=\"ngg-fancybox\" rel=\"52581\">\n                <img\n                    title=\"DSCN0115\"\n                    alt=\"DSCN0115\"\n                    src=\"http:\/\/portalcatolico.net\/portal\/wp-content\/gallery\/1a-e-2a-noite-da-festa-sao-jose\/thumbs\/thumbs_DSCN0115.JPG\"\n                    width=\"240\"\n                    height=\"160\"\n                    style=\"max-width:100%;\"\n                \/>\n            <\/a>\n        <\/div>\n\t\t\t\t\t\t\t<\/div> \n\t\t\t\n        \n\t\t\t\t<div id=\"ngg-image-18\" class=\"ngg-gallery-thumbnail-box\" >\n\t\t\t\t        <div class=\"ngg-gallery-thumbnail\">\n            <a href=\"http:\/\/portalcatolico.net\/portal\/wp-content\/gallery\/1a-e-2a-noite-da-festa-sao-jose\/DSCN0116.JPG\"\n               title=\"\"\n               data-src=\"http:\/\/portalcatolico.net\/portal\/wp-content\/gallery\/1a-e-2a-noite-da-festa-sao-jose\/DSCN0116.JPG\"\n               data-thumbnail=\"http:\/\/portalcatolico.net\/portal\/wp-content\/gallery\/1a-e-2a-noite-da-festa-sao-jose\/thumbs\/thumbs_DSCN0116.JPG\"\n               data-image-id=\"20171\"\n               data-title=\"DSCN0116\"\n               data-description=\"\"\n               data-image-slug=\"dscn0116-6\"\n               class=\"ngg-fancybox\" rel=\"52581\">\n                <img\n                    title=\"DSCN0116\"\n                    alt=\"DSCN0116\"\n                    src=\"http:\/\/portalcatolico.net\/portal\/wp-content\/gallery\/1a-e-2a-noite-da-festa-sao-jose\/thumbs\/thumbs_DSCN0116.JPG\"\n                    width=\"240\"\n                    height=\"160\"\n                    style=\"max-width:100%;\"\n                \/>\n            <\/a>\n        <\/div>\n\t\t\t\t\t\t\t<\/div> \n\t\t\t\n        \n\t\t\t\t<div id=\"ngg-image-19\" class=\"ngg-gallery-thumbnail-box\" >\n\t\t\t\t        <div class=\"ngg-gallery-thumbnail\">\n            <a href=\"http:\/\/portalcatolico.net\/portal\/wp-content\/gallery\/1a-e-2a-noite-da-festa-sao-jose\/DSCN0117.JPG\"\n               title=\"\"\n               data-src=\"http:\/\/portalcatolico.net\/portal\/wp-content\/gallery\/1a-e-2a-noite-da-festa-sao-jose\/DSCN0117.JPG\"\n               data-thumbnail=\"http:\/\/portalcatolico.net\/portal\/wp-content\/gallery\/1a-e-2a-noite-da-festa-sao-jose\/thumbs\/thumbs_DSCN0117.JPG\"\n               data-image-id=\"20172\"\n               data-title=\"DSCN0117\"\n               data-description=\"\"\n               data-image-slug=\"dscn0117-4\"\n               class=\"ngg-fancybox\" rel=\"52581\">\n                <img\n                    title=\"DSCN0117\"\n                    alt=\"DSCN0117\"\n                    src=\"http:\/\/portalcatolico.net\/portal\/wp-content\/gallery\/1a-e-2a-noite-da-festa-sao-jose\/thumbs\/thumbs_DSCN0117.JPG\"\n                    width=\"240\"\n                    height=\"160\"\n                    style=\"max-width:100%;\"\n                \/>\n            <\/a>\n        <\/div>\n\t\t\t\t\t\t\t<\/div> \n\t\t\t\n        \n\t\t\n\t\t<!-- Pagination -->\n\t<div class='ngg-navigation'><span class=\"current\">1<\/span><a class=\"page-numbers\" data-pageid=\"2\" href=\"http:\/\/portalcatolico.net\/portal\/1a-e-2a-noite-do-novenario-e-festa-de-sao-jose-em-itabuna\/nggallery\/page\/2\">2<\/a><a class=\"page-numbers\" data-pageid=\"3\" href=\"http:\/\/portalcatolico.net\/portal\/1a-e-2a-noite-do-novenario-e-festa-de-sao-jose-em-itabuna\/nggallery\/page\/3\">3<\/a><a class=\"next\" data-pageid=\"2\" id=\"ngg-next-2\" href=\"http:\/\/portalcatolico.net\/portal\/1a-e-2a-noite-do-novenario-e-festa-de-sao-jose-em-itabuna\/nggallery\/page\/2\">&#9658;<\/a><\/div>\t<\/div>\n<\/p>\n","protected":false},"excerpt":{"rendered":"<p>[Show slideshow] 123&#9658;<\/p>\n","protected":false},"author":2,"featured_media":0,"parent":0,"menu_order":0,"comment_status":"closed","ping_status":"closed","template":"","meta":{"footnotes":""},"class_list":["post-52480","page","type-page","status-publish","hentry"],"_links":{"self":[{"href":"http:\/\/portalcatolico.net\/portal\/wp-json\/wp\/v2\/pages\/52480","targetHints":{"allow":["GET"]}}],"collection":[{"href":"http:\/\/portalcatolico.net\/portal\/wp-json\/wp\/v2\/pages"}],"about":[{"href":"http:\/\/portalcatolico.net\/portal\/wp-json\/wp\/v2\/types\/page"}],"author":[{"embeddable":true,"href":"http:\/\/portalcatolico.net\/portal\/wp-json\/wp\/v2\/users\/2"}],"replies":[{"embeddable":true,"href":"http:\/\/portalcatolico.net\/portal\/wp-json\/wp\/v2\/comments?post=52480"}],"version-history":[{"count":1,"href":"http:\/\/portalcatolico.net\/portal\/wp-json\/wp\/v2\/pages\/52480\/revisions"}],"predecessor-version":[{"id":52582,"href":"http:\/\/portalcatolico.net\/portal\/wp-json\/wp\/v2\/pages\/52480\/revisions\/52582"}],"wp:attachment":[{"href":"http:\/\/portalcatolico.net\/portal\/wp-json\/wp\/v2\/media?parent=52480"}],"curies":[{"name":"wp","href":"https:\/\/api.w.org\/{rel}","templated":true}]}}